{"id":928,"date":"2024-11-28T13:59:50","date_gmt":"2024-11-28T12:59:50","guid":{"rendered":"https:\/\/start.oo-software.com\/de\/?page_id=928"},"modified":"2024-12-03T08:37:11","modified_gmt":"2024-12-03T07:37:11","slug":"oodiskimage20","status":"publish","type":"page","link":"https:\/\/start.oo-software.com\/de\/oodiskimage20\/","title":{"rendered":"Vielen Dank, dass Sie O&#038;O DiskImage 20 installiert haben!"},"content":{"rendered":"<p><\/p>\n<h1>Vielen Dank, dass Sie O&amp;O DiskImage 20 installiert haben!<\/h1>\n<p>Wir m\u00f6chten Ihnen in ein paar kurzen Schritten zeigen, wie Sie schnell in die Benutzung von O&amp;O DiskImage einsteigen k\u00f6nnen.<\/p>\n<p><img loading=\"lazy\" decoding=\"async\" class=\"size-full wp-image-931 aligncenter\" src=\"https:\/\/start.oo-software.com\/wp-content\/uploads\/oodi20_start.png\" alt=\"\" width=\"810\" height=\"641\" srcset=\"https:\/\/start.oo-software.com\/wp-content\/uploads\/oodi20_start.png 810w, https:\/\/start.oo-software.com\/wp-content\/uploads\/oodi20_start-768x608.png 768w\" sizes=\"(max-width: 810px) 100vw, 810px\" \/><\/p>\n<h3>Was ist O&amp;O DiskImage?<\/h3>\n<p>Mit O&amp;O DiskImage k\u00f6nnen Sie schnell und komfortabel eine Datensicherung des ganzen Computers, Ihrer Festplatten und Partitionen erstellen. Auch einzelne Dateien und Verzeichnisse lassen sich einfach als Backup sichern. Im Fall von Datenverlust stehen Ihnen mit einem mit O&amp;O DiskImage zuvor erstellten Backup Ihre gesicherten Daten mit wenigen Mausklicks schnell wieder zur Verf\u00fcgung \u2013 auch wenn Windows nicht mehr startet.<\/p>\n<h3>Erste Schritte mit O&amp;O DiskImage<\/h3>\n<p>Nach dem ersten Start von O&amp;O DiskImage k\u00f6nnen Sie das Produkt durch einen Klick auf \u201e<strong>Ich m\u00f6chte meine Lizenz eingeben<\/strong>\u201c oder \u201e<strong>Eine Lizenz erwerben<\/strong>\u201c freischalten.<\/p>\n<p>O&amp;O DiskImage bietet eine Vielzahl an Funktionen, die Sie vor Datenverlust sch\u00fctzen k\u00f6nnen. Es empfiehlt sich nach der ersten Installation mit dem Erstellen der O&amp;O DiskImage RecoveryPartition und einer Vollsicherung zu starten um sofort vor Datenverlusten gesch\u00fctzt zu sein. Je nach Gr\u00f6\u00dfe Ihrer Festplatten kann die Sicherung einen Moment in Anspruch nehmen.<\/p>\n<p><img loading=\"lazy\" decoding=\"async\" class=\"size-full wp-image-932 aligncenter\" src=\"https:\/\/start.oo-software.com\/wp-content\/uploads\/oodi20_recoverypartition.png\" alt=\"\" width=\"865\" height=\"655\" srcset=\"https:\/\/start.oo-software.com\/wp-content\/uploads\/oodi20_recoverypartition.png 865w, https:\/\/start.oo-software.com\/wp-content\/uploads\/oodi20_recoverypartition-768x582.png 768w\" sizes=\"(max-width: 865px) 100vw, 865px\" \/><\/p>\n<p>&nbsp;<\/p>\n<ol>\n<li>Klicken Sie auf der Startseite von O&amp;O DiskImage auf &#8222;<strong>Wiederherstellungsmedium<\/strong>&#8222;.<\/li>\n<li>Falls Sie bereits eine leere Partition angelegt haben, w\u00e4hlen Sie \u201e<strong>Vorhandene Partition verwenden<\/strong>\u201c. Alternativ kann O&amp;O DiskImage die ben\u00f6tigte Partition f\u00fcr Sie anlegen, w\u00e4hlen Sie daf\u00fcr \u201e<strong>Neue Partition anlegen<\/strong>\u201c.<\/li>\n<li>W\u00e4hlen Sie im nun ge\u00f6ffneten Dialog aus dem Dropdown das Laufwerk aus, auf dem die O&amp;O DiskImage RecoveryPartition erstellt werden soll. Im Falle dass Sie eine vorhandene Partition nutzen wollen, w\u00e4hlen Sie aus der Laufwerksliste die gew\u00fcnschte Partition.<\/li>\n<li>Sie k\u00f6nnen die O&amp;O DiskImage RecoveryPartition als Standardsicherungspfad f\u00fcr Ihre zuk\u00fcnftigen Sicherungen verwenden. Wenn Sie diese Option beim Anlegen einer neuen Partition gew\u00e4hlt haben, wird die O&amp;O DiskImage RecoveryPartition m\u00f6glichst gro\u00df angelegt, damit ausreichend Sicherungen Platz finden. Sie k\u00f6nnen im Feld \u201e<strong>Maximale Gr\u00f6\u00dfe<\/strong>\u201c die Gr\u00f6\u00dfe der O&amp;O DiskImage RecoveryPartition ver\u00e4ndern, damit sie Ihren Bed\u00fcrfnissen entspricht.<\/li>\n<li>Durch Klick auf \u201e<strong>Ok<\/strong>\u201c wird ein bootbares Abbild generiert und bereitgestellt. Im Falle eines Fehlers beim Booten des Betriebssystems wird automatisch die O&amp;O DiskImage Bootumgebung gestartet und Sie k\u00f6nnen eine Sicherung wiederherstellen.<\/li>\n<li>Nach Beendigung des Erstellungsvorgangs empfehlen wir die Erstellung einer Voll- oder 1-Klick-Sicherung. Wechseln Sie hierf\u00fcr zum Tab \u201e<strong>Laufwerkssicherung<\/strong>\u201c und f\u00fchren Sie die gew\u00fcnschte Sicherung durch. Falls Sie die O&amp;O DiskImage RecoveryPartition als Standardsicherungspfad gew\u00e4hlt haben, wird die Sicherung direkt dort abgelegt.<\/li>\n<\/ol>\n<p><em>Wir w\u00fcnschen Ihnen viel Spa\u00df mit O&amp;O DiskImage!<\/em><\/p>\n<p>&nbsp;<\/p>\n<h3>Weitere Tipps und Tricks finden Sie auf unserer Produktseite unter:<\/h3>\n<p><a href=\"https:\/\/www.oo-software.com\/de\/diskimage-daten-sichern\">https:\/\/www.oo-software.com\/de\/diskimage-daten-sichern<\/a><\/p>","protected":false},"excerpt":{"rendered":"<p>Vielen Dank, dass Sie O&amp;O DiskImage 20 installiert haben! Wir m\u00f6chten Ihnen in ein paar kurzen Schritten zeigen, wie Sie schnell in die Benutzung von O&amp;O DiskImage einsteigen k\u00f6nnen. Was ist O&amp;O DiskImage? Mit O&amp;O DiskImage k\u00f6nnen Sie schnell und komfortabel eine Datensicherung des ganzen Computers, Ihrer Festplatten und Partitionen erstellen. Auch einzelne Dateien und &#8230; <a title=\"Vielen Dank, dass Sie O&#038;O DiskImage 20 installiert haben!\" class=\"read-more\" href=\"https:\/\/start.oo-software.com\/de\/oodiskimage20\/\" aria-label=\"Mehr dazu unter Vielen Dank, dass Sie O&#038;O DiskImage 20 installiert haben!\">Weiterlesen<\/a><\/p>\n","protected":false},"author":2,"featured_media":0,"parent":0,"menu_order":0,"comment_status":"closed","ping_status":"closed","template":"","meta":{"footnotes":""},"yoast_head":"<!-- This site is optimized with the Yoast SEO plugin v19.13 - https:\/\/yoast.com\/wordpress\/plugins\/seo\/ -->\n<title>Vielen Dank, dass Sie O&amp;O DiskImage 20 installiert haben! - O&amp;O Software<\/title>\n<meta name=\"robots\" content=\"index, follow, max-snippet:-1, max-image-preview:large, max-video-preview:-1\" \/>\n<link rel=\"canonical\" href=\"https:\/\/start.oo-software.com\/de\/oodiskimage20\/\" \/>\n<meta property=\"og:locale\" content=\"de_DE\" \/>\n<meta property=\"og:type\" content=\"article\" \/>\n<meta property=\"og:title\" content=\"Vielen Dank, dass Sie O&amp;O DiskImage 20 installiert haben! - O&amp;O Software\" \/>\n<meta property=\"og:description\" content=\"Vielen Dank, dass Sie O&amp;O DiskImage 20 installiert haben! Wir m\u00f6chten Ihnen in ein paar kurzen Schritten zeigen, wie Sie schnell in die Benutzung von O&amp;O DiskImage einsteigen k\u00f6nnen. Was ist O&amp;O DiskImage? Mit O&amp;O DiskImage k\u00f6nnen Sie schnell und komfortabel eine Datensicherung des ganzen Computers, Ihrer Festplatten und Partitionen erstellen. Auch einzelne Dateien und ... Weiterlesen\" \/>\n<meta property=\"og:url\" content=\"https:\/\/start.oo-software.com\/de\/oodiskimage20\/\" \/>\n<meta property=\"og:site_name\" content=\"O&amp;O Software\" \/>\n<meta property=\"article:publisher\" content=\"https:\/\/www.facebook.com\/OOSoftware\/\" \/>\n<meta property=\"article:modified_time\" content=\"2024-12-03T07:37:11+00:00\" \/>\n<meta property=\"og:image\" content=\"https:\/\/start.oo-software.com\/wp-content\/uploads\/oodi20_start.png\" \/>\n<meta name=\"twitter:card\" content=\"summary_large_image\" \/>\n<meta name=\"twitter:site\" content=\"@oosoftware\" \/>\n<meta name=\"twitter:label1\" content=\"Gesch\u00e4tzte Lesezeit\" \/>\n\t<meta name=\"twitter:data1\" content=\"5\u00a0Minuten\" \/>\n<script type=\"application\/ld+json\" class=\"yoast-schema-graph\">{\"@context\":\"https:\/\/schema.org\",\"@graph\":[{\"@type\":\"WebPage\",\"@id\":\"https:\/\/start.oo-software.com\/de\/oodiskimage20\/\",\"url\":\"https:\/\/start.oo-software.com\/de\/oodiskimage20\/\",\"name\":\"Vielen Dank, dass Sie O&O DiskImage 20 installiert haben! - O&amp;O Software\",\"isPartOf\":{\"@id\":\"https:\/\/start.oo-software.com\/de\/#website\"},\"datePublished\":\"2024-11-28T12:59:50+00:00\",\"dateModified\":\"2024-12-03T07:37:11+00:00\",\"breadcrumb\":{\"@id\":\"https:\/\/start.oo-software.com\/de\/oodiskimage20\/#breadcrumb\"},\"inLanguage\":\"de\",\"potentialAction\":[{\"@type\":\"ReadAction\",\"target\":[\"https:\/\/start.oo-software.com\/de\/oodiskimage20\/\"]}]},{\"@type\":\"BreadcrumbList\",\"@id\":\"https:\/\/start.oo-software.com\/de\/oodiskimage20\/#breadcrumb\",\"itemListElement\":[{\"@type\":\"ListItem\",\"position\":1,\"name\":\"Startseite\",\"item\":\"https:\/\/start.oo-software.com\/de\/\"},{\"@type\":\"ListItem\",\"position\":2,\"name\":\"Vielen Dank, dass Sie O&#038;O DiskImage 20 installiert haben!\"}]},{\"@type\":\"WebSite\",\"@id\":\"https:\/\/start.oo-software.com\/de\/#website\",\"url\":\"https:\/\/start.oo-software.com\/de\/\",\"name\":\"PC Migration\",\"description\":\"Onboarding\",\"publisher\":{\"@id\":\"https:\/\/start.oo-software.com\/de\/#organization\"},\"potentialAction\":[{\"@type\":\"SearchAction\",\"target\":{\"@type\":\"EntryPoint\",\"urlTemplate\":\"https:\/\/start.oo-software.com\/de\/?s={search_term_string}\"},\"query-input\":\"required name=search_term_string\"}],\"inLanguage\":\"de\"},{\"@type\":\"Organization\",\"@id\":\"https:\/\/start.oo-software.com\/de\/#organization\",\"name\":\"PC Migration - O&O Software GmbH\",\"url\":\"https:\/\/start.oo-software.com\/de\/\",\"logo\":{\"@type\":\"ImageObject\",\"inLanguage\":\"de\",\"@id\":\"https:\/\/start.oo-software.com\/de\/#\/schema\/logo\/image\/\",\"url\":\"https:\/\/start.oo-software.com\/wp-content\/uploads\/2019\/03\/logo_oosoftware-1.png\",\"contentUrl\":\"https:\/\/start.oo-software.com\/wp-content\/uploads\/2019\/03\/logo_oosoftware-1.png\",\"width\":263,\"height\":36,\"caption\":\"PC Migration - O&O Software GmbH\"},\"image\":{\"@id\":\"https:\/\/start.oo-software.com\/de\/#\/schema\/logo\/image\/\"},\"sameAs\":[\"https:\/\/de.linkedin.com\/company\/o&amp;amp;o-software-gmbh\",\"https:\/\/www.youtube.com\/user\/oosoftw\",\"https:\/\/www.facebook.com\/OOSoftware\/\",\"https:\/\/twitter.com\/oosoftware\"]}]}<\/script>\n<!-- \/ Yoast SEO plugin. -->","yoast_head_json":{"title":"Vielen Dank, dass Sie O&O DiskImage 20 installiert haben! - O&amp;O Software","robots":{"index":"index","follow":"follow","max-snippet":"max-snippet:-1","max-image-preview":"max-image-preview:large","max-video-preview":"max-video-preview:-1"},"canonical":"https:\/\/start.oo-software.com\/de\/oodiskimage20\/","og_locale":"de_DE","og_type":"article","og_title":"Vielen Dank, dass Sie O&O DiskImage 20 installiert haben! - O&amp;O Software","og_description":"Vielen Dank, dass Sie O&amp;O DiskImage 20 installiert haben! Wir m\u00f6chten Ihnen in ein paar kurzen Schritten zeigen, wie Sie schnell in die Benutzung von O&amp;O DiskImage einsteigen k\u00f6nnen. Was ist O&amp;O DiskImage? Mit O&amp;O DiskImage k\u00f6nnen Sie schnell und komfortabel eine Datensicherung des ganzen Computers, Ihrer Festplatten und Partitionen erstellen. Auch einzelne Dateien und ... Weiterlesen","og_url":"https:\/\/start.oo-software.com\/de\/oodiskimage20\/","og_site_name":"O&amp;O Software","article_publisher":"https:\/\/www.facebook.com\/OOSoftware\/","article_modified_time":"2024-12-03T07:37:11+00:00","og_image":[{"url":"https:\/\/start.oo-software.com\/wp-content\/uploads\/oodi20_start.png"}],"twitter_card":"summary_large_image","twitter_site":"@oosoftware","twitter_misc":{"Gesch\u00e4tzte Lesezeit":"5\u00a0Minuten"},"schema":{"@context":"https:\/\/schema.org","@graph":[{"@type":"WebPage","@id":"https:\/\/start.oo-software.com\/de\/oodiskimage20\/","url":"https:\/\/start.oo-software.com\/de\/oodiskimage20\/","name":"Vielen Dank, dass Sie O&O DiskImage 20 installiert haben! - O&amp;O Software","isPartOf":{"@id":"https:\/\/start.oo-software.com\/de\/#website"},"datePublished":"2024-11-28T12:59:50+00:00","dateModified":"2024-12-03T07:37:11+00:00","breadcrumb":{"@id":"https:\/\/start.oo-software.com\/de\/oodiskimage20\/#breadcrumb"},"inLanguage":"de","potentialAction":[{"@type":"ReadAction","target":["https:\/\/start.oo-software.com\/de\/oodiskimage20\/"]}]},{"@type":"BreadcrumbList","@id":"https:\/\/start.oo-software.com\/de\/oodiskimage20\/#breadcrumb","itemListElement":[{"@type":"ListItem","position":1,"name":"Startseite","item":"https:\/\/start.oo-software.com\/de\/"},{"@type":"ListItem","position":2,"name":"Vielen Dank, dass Sie O&#038;O DiskImage 20 installiert haben!"}]},{"@type":"WebSite","@id":"https:\/\/start.oo-software.com\/de\/#website","url":"https:\/\/start.oo-software.com\/de\/","name":"PC Migration","description":"Onboarding","publisher":{"@id":"https:\/\/start.oo-software.com\/de\/#organization"},"potentialAction":[{"@type":"SearchAction","target":{"@type":"EntryPoint","urlTemplate":"https:\/\/start.oo-software.com\/de\/?s={search_term_string}"},"query-input":"required name=search_term_string"}],"inLanguage":"de"},{"@type":"Organization","@id":"https:\/\/start.oo-software.com\/de\/#organization","name":"PC Migration - O&O Software GmbH","url":"https:\/\/start.oo-software.com\/de\/","logo":{"@type":"ImageObject","inLanguage":"de","@id":"https:\/\/start.oo-software.com\/de\/#\/schema\/logo\/image\/","url":"https:\/\/start.oo-software.com\/wp-content\/uploads\/2019\/03\/logo_oosoftware-1.png","contentUrl":"https:\/\/start.oo-software.com\/wp-content\/uploads\/2019\/03\/logo_oosoftware-1.png","width":263,"height":36,"caption":"PC Migration - O&O Software GmbH"},"image":{"@id":"https:\/\/start.oo-software.com\/de\/#\/schema\/logo\/image\/"},"sameAs":["https:\/\/de.linkedin.com\/company\/o&amp;amp;o-software-gmbh","https:\/\/www.youtube.com\/user\/oosoftw","https:\/\/www.facebook.com\/OOSoftware\/","https:\/\/twitter.com\/oosoftware"]}]}},"_links":{"self":[{"href":"https:\/\/start.oo-software.com\/de\/wp-json\/wp\/v2\/pages\/928"}],"collection":[{"href":"https:\/\/start.oo-software.com\/de\/wp-json\/wp\/v2\/pages"}],"about":[{"href":"https:\/\/start.oo-software.com\/de\/wp-json\/wp\/v2\/types\/page"}],"author":[{"embeddable":true,"href":"https:\/\/start.oo-software.com\/de\/wp-json\/wp\/v2\/users\/2"}],"replies":[{"embeddable":true,"href":"https:\/\/start.oo-software.com\/de\/wp-json\/wp\/v2\/comments?post=928"}],"version-history":[{"count":5,"href":"https:\/\/start.oo-software.com\/de\/wp-json\/wp\/v2\/pages\/928\/revisions"}],"predecessor-version":[{"id":938,"href":"https:\/\/start.oo-software.com\/de\/wp-json\/wp\/v2\/pages\/928\/revisions\/938"}],"wp:attachment":[{"href":"https:\/\/start.oo-software.com\/de\/wp-json\/wp\/v2\/media?parent=928"}],"curies":[{"name":"wp","href":"https:\/\/api.w.org\/{rel}","templated":true}]}}