{"id":910,"date":"2024-09-13T17:45:44","date_gmt":"2024-09-13T15:45:44","guid":{"rendered":"https:\/\/start.oo-software.com\/de\/?page_id=910"},"modified":"2024-09-16T16:31:40","modified_gmt":"2024-09-16T14:31:40","slug":"oodefrag29","status":"publish","type":"page","link":"https:\/\/start.oo-software.com\/de\/oodefrag29\/","title":{"rendered":"Vielen Dank, dass Sie O&#038;O Defrag 29 installiert haben!"},"content":{"rendered":"<p><\/p>\n<h1>Vielen Dank, dass Sie O&amp;O Defrag 29 installiert haben!<\/h1>\n<h3>Was ist O&amp;O Defrag?<\/h3>\n<p>PCs werden im Laufe ihrer Nutzungszeit durch viele Faktoren langsamer. Der Hauptgrund ist die fragmentierte Speicherung von Dateien auf Festplatten und SSDs. Beim Defragmentieren werden Dateifragmente auf der Festplatte oder SSD logisch neu angeordnet, so dass Dateien wieder schneller von der Hardware erkannt und verarbeitet werden k\u00f6nnen. Das spart Ihnen Zeit und Geld!<\/p>\n<h3>Erste Schritte mit O&amp;O Defrag<\/h3>\n<p>Nach dem ersten Start von O&amp;O Defrag k\u00f6nnen Sie Ihre Lizenz durch einen Klick auf \u201eIch m\u00f6chte meine Lizenz eingeben oder eine Lizenz erwerben\u201c.<\/p>\n<p>O&amp;O Defrag 29 bestimmt mit seinem intelligenten Verfahren Install &amp; That&#8217;s All automatisch die besten Einstellungen und Defragmentierungsmethoden f\u00fcr den jeweiligen Rechner und dessen Hardware. Abh\u00e4ngig vom Vorhandensein von HDDs und SSDs werden die entsprechenden Optimierungen regelm\u00e4\u00dfig ausgef\u00fchrt und die Performance des PCs dauerhaft aufrechterhalten.<\/p>\n<p>Nat\u00fcrlich k\u00f6nnen Sie auch weiterhin selbst Einstellungen vornehmen, sofern Sie das noch m\u00f6chten.<\/p>\n<h3>Auswahl zwischen zwei Ansichten: Klassisch und Modern!<\/h3>\n<p>Sie haben die Auswahl zwischen zwei Ansichten: klassisch und modern! Classic ist die vertraute Benutzeroberfl\u00e4che, aber wir bieten jetzt eine moderne Benutzeroberfl\u00e4che, viel einfacher und optimiert f\u00fcr Set-and-Forget-Fans. W\u00e4hlen Sie einfach Ihren Stil und lassen Sie O&amp;O Defrag den Rest f\u00fcr Sie erledigen. Sie k\u00f6nnen jederzeit zwischen der klassischen Ansicht mit allen Profi-Einstellungen und der auf das Wesentliche reduzierten Modernen Ansicht wechseln.<\/p>\n<p><img loading=\"lazy\" decoding=\"async\" class=\"alignnone wp-image-913 size-full\" src=\"https:\/\/start.oo-software.com\/wp-content\/uploads\/ood29_start_auswahl.png\" alt=\"\" width=\"800\" height=\"631\" srcset=\"https:\/\/start.oo-software.com\/wp-content\/uploads\/ood29_start_auswahl.png 800w, https:\/\/start.oo-software.com\/wp-content\/uploads\/ood29_start_auswahl-768x606.png 768w\" sizes=\"(max-width: 800px) 100vw, 800px\" \/><\/p>\n<h3>O&amp;O VisualDisk<\/h3>\n<p>Diese Funktion visualisiert die Schreibzugriffe auf flashbasierte Speichermedien wie SSDs und NVMe-Laufwerke. So k\u00f6nnen Nutzer nachvollziehen, wie eine Defragmentierung die Lebensdauer ihrer Festplatten verl\u00e4ngern und unn\u00f6tige Abnutzung verhindert.<\/p>\n<p><img loading=\"lazy\" decoding=\"async\" class=\"alignnone wp-image-917 size-full\" src=\"https:\/\/start.oo-software.com\/wp-content\/uploads\/ood29_modern_oovd.png\" alt=\"\" width=\"1920\" height=\"1023\" srcset=\"https:\/\/start.oo-software.com\/wp-content\/uploads\/ood29_modern_oovd.png 1920w, https:\/\/start.oo-software.com\/wp-content\/uploads\/ood29_modern_oovd-768x409.png 768w, https:\/\/start.oo-software.com\/wp-content\/uploads\/ood29_modern_oovd-1536x818.png 1536w\" sizes=\"(max-width: 1920px) 100vw, 1920px\" \/><\/p>\n<h3>\u00dcberpr\u00fcfung nach Inkonsistenzen &#8211; Check &amp; Repair<\/h3>\n<p>O&amp;O Defrag \u00fcberpr\u00fcft Ihre Festplatte oder SSD auf Inkonsistenzen, die potenziell zu Problemen f\u00fchren k\u00f6nnen. Dabei werden sowohl der Komponentenspeicher als auch die Systemdateien von Windows auf Fehler untersucht. Nach Abschluss der Pr\u00fcfung zeigt Ihnen O&amp;O Defrag an, ob und welche Fehler gefunden wurden. Die Reparaturfunktion erm\u00f6glicht es, die meisten dieser Fehler direkt zu beheben.<\/p>\n<p><img loading=\"lazy\" decoding=\"async\" class=\"alignnone wp-image-914 size-full\" src=\"https:\/\/start.oo-software.com\/wp-content\/uploads\/ood29_modern_check_repair.png\" alt=\"\" width=\"800\" height=\"672\" srcset=\"https:\/\/start.oo-software.com\/wp-content\/uploads\/ood29_modern_check_repair.png 800w, https:\/\/start.oo-software.com\/wp-content\/uploads\/ood29_modern_check_repair-768x645.png 768w\" sizes=\"(max-width: 800px) 100vw, 800px\" \/><\/p>\n<h3>Analyse Ihrer Laufwerksgesundheit mit S.M.A.R.T-Funktionalit\u00e4t<\/h3>\n<p>Diese zeigt den &#8222;Gesundheitszustand&#8220; Ihrer Festplatten, SSDs und RAIDs an, sollte es zu Problemen kommen. Dies k\u00f6nnen eine hohe Temperatur oder auch vom Laufwerk selbst gemeldete Fehler sein. Sollte es zu einer Auff\u00e4lligkeit kommen, wird eine Meldung \u00fcber das Info-Center von Windows angezeigt.<\/p>\n<h3>Deskband f\u00fcr die Laufwerksaktivit\u00e4tsanzeige in der Windows Taskbar<\/h3>\n<p><img loading=\"lazy\" decoding=\"async\" class=\"alignnone size-full wp-image-812\" src=\"https:\/\/start.oo-software.com\/wp-content\/uploads\/ood25_deskband_de.png\" alt=\"\" width=\"460\" height=\"40\" \/><\/p>\n<p>Mit dieser Funktion werden die Aktionen des eigenen Rechners pr\u00e4senter. In der Taskbar kann sich der Nutzer anzeigen lassen, welche Festplatte gerade aktiv ist. Durch rechtsklick kann eine Suche auf dem jeweiligen Datentr\u00e4ger gestartet werden.<\/p>\n<h3>Analyse Ihrer Laufwerke<\/h3>\n<p>Durch die Analyse Ihrer Festplatten erhalten Sie eine \u00dcbersicht, wie Dateien auf einem Laufwerk angeordnet und wie stark diese fragmentiert sind:<\/p>\n<ol>\n<li>W\u00e4hlen Sie das zu analysierende Laufwerk in der Laufwerksliste aus.<\/li>\n<li>Starten Sie die Analyse \u00fcber die Multifunktionsleiste oder aus dem Kontextmen\u00fc heraus.<\/li>\n<li>Die Analyse kann, abh\u00e4ngig von der Gr\u00f6\u00dfe des Laufwerks, einige Zeit in Anspruch nehmen. Sie erkennen den Analysevorgang an dem Laufwerkssymbol und der Fortschrittsanzeige.<\/li>\n<li>Nach Abschluss der Analyse k\u00f6nnen Sie sich einen umfassenden Statusbericht anzeigen lassen.<\/li>\n<\/ol>\n<p><img loading=\"lazy\" decoding=\"async\" class=\"alignnone wp-image-916 size-full\" src=\"https:\/\/start.oo-software.com\/wp-content\/uploads\/ood29_modern_start_002.png\" alt=\"\" width=\"1216\" height=\"760\" srcset=\"https:\/\/start.oo-software.com\/wp-content\/uploads\/ood29_modern_start_002.png 1216w, https:\/\/start.oo-software.com\/wp-content\/uploads\/ood29_modern_start_002-768x480.png 768w\" sizes=\"(max-width: 1216px) 100vw, 1216px\" \/><\/p>\n<p>Sie k\u00f6nnen auch mehrere Laufwerke gleichzeitig analysieren. Halten Sie hierf\u00fcr bei der Laufwerkswahl die Strg-Taste gedr\u00fcckt und markieren Sie die Laufwerke.<\/p>\n<h3>Defragmentierung Ihrer Laufwerke<\/h3>\n<p>Mit O&amp;O Defrag k\u00f6nnen Sie mit wenigen Mausklicks sowohl einzelne Laufwerke als auch Ihren gesamten Rechner defragmentieren. In der Regel dauert die erste Defragmentierung am l\u00e4ngsten, denn O&amp;O Defrag muss Ihr System komplett \u00fcberpr\u00fcfen und s\u00e4mtliche Dateien an ihre optimale Positionen bringen. Wir empfehlen deshalb die erste Defragmentierung mit der STEALTH- oder SPACE-Methode durchzuf\u00fchren. Einzelne Laufwerke defragmentieren:<\/p>\n<ol>\n<li>W\u00e4hlen Sie das zu defragmentierende Laufwerk aus der Laufwerksliste aus.<\/li>\n<li>Wenn Sie auf die Start-Schaltfl\u00e4che in der Multifunktionsleiste klicken, startet Die Defragmentierung mit der standardm\u00e4\u00dfig eingestellten SPACE-Methode f\u00fcr HDDs sowie mit SOLID-Complete f\u00fcr SSDs. Wenn Sie die Methode \u00e4ndern m\u00f6chten, \u00f6ffnen Sie bitte zuerst das Untermen\u00fc der Start-Schaltfl\u00e4che und w\u00e4hlen Ihre gew\u00fcnschte Methode aus.<\/li>\n<li>Die Defragmentierung kann, abh\u00e4ngig von der Gr\u00f6\u00dfe Ihres Datenbestandes, mehrere Stunden dauern. Sie erkennen einen laufenden Defragmentierungsvorgang an dem Laufwerkssymbol und der Fortschrittsanzeige.<\/li>\n<\/ol>\n<p><img loading=\"lazy\" decoding=\"async\" class=\"alignnone size-full wp-image-728\" src=\"https:\/\/start.oo-software.com\/wp-content\/uploads\/oode24_vorher_nachher.png\" alt=\"\" width=\"770\" height=\"565\" srcset=\"https:\/\/start.oo-software.com\/wp-content\/uploads\/oode24_vorher_nachher.png 770w, https:\/\/start.oo-software.com\/wp-content\/uploads\/oode24_vorher_nachher-768x564.png 768w\" sizes=\"(max-width: 770px) 100vw, 770px\" \/><\/p>\n<p>Nach Abschluss der Defragmentierung k\u00f6nnen Sie sich einen umfassenden Statusbericht anzeigen lassen.<\/p>\n<p>&nbsp;<\/p>\n<p><em>Wir w\u00fcnschen Ihnen viel Spa\u00df mit O&amp;O Defrag!<\/em><\/p>\n<p>&nbsp;<\/p>\n<p>Weitere Tipps und Tricks finden Sie auf unserer Produktseite unter:<\/p>\n<p><a href=\"https:\/\/www.oo-software.com\/de\/products\/oodefrag\">https:\/\/www.oo-software.com\/de\/products\/oodefrag<\/a><\/p>","protected":false},"excerpt":{"rendered":"<p>Vielen Dank, dass Sie O&amp;O Defrag 29 installiert haben! Was ist O&amp;O Defrag? PCs werden im Laufe ihrer Nutzungszeit durch viele Faktoren langsamer. Der Hauptgrund ist die fragmentierte Speicherung von Dateien auf Festplatten und SSDs. Beim Defragmentieren werden Dateifragmente auf der Festplatte oder SSD logisch neu angeordnet, so dass Dateien wieder schneller von der Hardware &#8230; <a title=\"Vielen Dank, dass Sie O&#038;O Defrag 29 installiert haben!\" class=\"read-more\" href=\"https:\/\/start.oo-software.com\/de\/oodefrag29\/\" aria-label=\"Mehr dazu unter Vielen Dank, dass Sie O&#038;O Defrag 29 installiert haben!\">Weiterlesen<\/a><\/p>\n","protected":false},"author":2,"featured_media":0,"parent":0,"menu_order":0,"comment_status":"closed","ping_status":"closed","template":"","meta":{"footnotes":""},"yoast_head":"<!-- This site is optimized with the Yoast SEO plugin v19.13 - https:\/\/yoast.com\/wordpress\/plugins\/seo\/ -->\n<title>Vielen Dank, dass Sie O&amp;O Defrag 29 installiert haben! - O&amp;O Software<\/title>\n<meta name=\"robots\" content=\"index, follow, max-snippet:-1, max-image-preview:large, max-video-preview:-1\" \/>\n<link rel=\"canonical\" href=\"https:\/\/start.oo-software.com\/de\/oodefrag29\/\" \/>\n<meta property=\"og:locale\" content=\"de_DE\" \/>\n<meta property=\"og:type\" content=\"article\" \/>\n<meta property=\"og:title\" content=\"Vielen Dank, dass Sie O&amp;O Defrag 29 installiert haben! - O&amp;O Software\" \/>\n<meta property=\"og:description\" content=\"Vielen Dank, dass Sie O&amp;O Defrag 29 installiert haben! Was ist O&amp;O Defrag? PCs werden im Laufe ihrer Nutzungszeit durch viele Faktoren langsamer. Der Hauptgrund ist die fragmentierte Speicherung von Dateien auf Festplatten und SSDs. Beim Defragmentieren werden Dateifragmente auf der Festplatte oder SSD logisch neu angeordnet, so dass Dateien wieder schneller von der Hardware ... Weiterlesen\" \/>\n<meta property=\"og:url\" content=\"https:\/\/start.oo-software.com\/de\/oodefrag29\/\" \/>\n<meta property=\"og:site_name\" content=\"O&amp;O Software\" \/>\n<meta property=\"article:publisher\" content=\"https:\/\/www.facebook.com\/OOSoftware\/\" \/>\n<meta property=\"article:modified_time\" content=\"2024-09-16T14:31:40+00:00\" \/>\n<meta property=\"og:image\" content=\"https:\/\/start.oo-software.com\/wp-content\/uploads\/ood29_start_auswahl.png\" \/>\n<meta name=\"twitter:card\" content=\"summary_large_image\" \/>\n<meta name=\"twitter:site\" content=\"@oosoftware\" \/>\n<meta name=\"twitter:label1\" content=\"Gesch\u00e4tzte Lesezeit\" \/>\n\t<meta name=\"twitter:data1\" content=\"8\u00a0Minuten\" \/>\n<script type=\"application\/ld+json\" class=\"yoast-schema-graph\">{\"@context\":\"https:\/\/schema.org\",\"@graph\":[{\"@type\":\"WebPage\",\"@id\":\"https:\/\/start.oo-software.com\/de\/oodefrag29\/\",\"url\":\"https:\/\/start.oo-software.com\/de\/oodefrag29\/\",\"name\":\"Vielen Dank, dass Sie O&O Defrag 29 installiert haben! - O&amp;O Software\",\"isPartOf\":{\"@id\":\"https:\/\/start.oo-software.com\/de\/#website\"},\"datePublished\":\"2024-09-13T15:45:44+00:00\",\"dateModified\":\"2024-09-16T14:31:40+00:00\",\"breadcrumb\":{\"@id\":\"https:\/\/start.oo-software.com\/de\/oodefrag29\/#breadcrumb\"},\"inLanguage\":\"de\",\"potentialAction\":[{\"@type\":\"ReadAction\",\"target\":[\"https:\/\/start.oo-software.com\/de\/oodefrag29\/\"]}]},{\"@type\":\"BreadcrumbList\",\"@id\":\"https:\/\/start.oo-software.com\/de\/oodefrag29\/#breadcrumb\",\"itemListElement\":[{\"@type\":\"ListItem\",\"position\":1,\"name\":\"Startseite\",\"item\":\"https:\/\/start.oo-software.com\/de\/\"},{\"@type\":\"ListItem\",\"position\":2,\"name\":\"Vielen Dank, dass Sie O&#038;O Defrag 29 installiert haben!\"}]},{\"@type\":\"WebSite\",\"@id\":\"https:\/\/start.oo-software.com\/de\/#website\",\"url\":\"https:\/\/start.oo-software.com\/de\/\",\"name\":\"PC Migration\",\"description\":\"Onboarding\",\"publisher\":{\"@id\":\"https:\/\/start.oo-software.com\/de\/#organization\"},\"potentialAction\":[{\"@type\":\"SearchAction\",\"target\":{\"@type\":\"EntryPoint\",\"urlTemplate\":\"https:\/\/start.oo-software.com\/de\/?s={search_term_string}\"},\"query-input\":\"required name=search_term_string\"}],\"inLanguage\":\"de\"},{\"@type\":\"Organization\",\"@id\":\"https:\/\/start.oo-software.com\/de\/#organization\",\"name\":\"PC Migration - O&O Software GmbH\",\"url\":\"https:\/\/start.oo-software.com\/de\/\",\"logo\":{\"@type\":\"ImageObject\",\"inLanguage\":\"de\",\"@id\":\"https:\/\/start.oo-software.com\/de\/#\/schema\/logo\/image\/\",\"url\":\"https:\/\/start.oo-software.com\/wp-content\/uploads\/2019\/03\/logo_oosoftware-1.png\",\"contentUrl\":\"https:\/\/start.oo-software.com\/wp-content\/uploads\/2019\/03\/logo_oosoftware-1.png\",\"width\":263,\"height\":36,\"caption\":\"PC Migration - O&O Software GmbH\"},\"image\":{\"@id\":\"https:\/\/start.oo-software.com\/de\/#\/schema\/logo\/image\/\"},\"sameAs\":[\"https:\/\/de.linkedin.com\/company\/o&amp;amp;o-software-gmbh\",\"https:\/\/www.youtube.com\/user\/oosoftw\",\"https:\/\/www.facebook.com\/OOSoftware\/\",\"https:\/\/twitter.com\/oosoftware\"]}]}<\/script>\n<!-- \/ Yoast SEO plugin. -->","yoast_head_json":{"title":"Vielen Dank, dass Sie O&O Defrag 29 installiert haben! - O&amp;O Software","robots":{"index":"index","follow":"follow","max-snippet":"max-snippet:-1","max-image-preview":"max-image-preview:large","max-video-preview":"max-video-preview:-1"},"canonical":"https:\/\/start.oo-software.com\/de\/oodefrag29\/","og_locale":"de_DE","og_type":"article","og_title":"Vielen Dank, dass Sie O&O Defrag 29 installiert haben! - O&amp;O Software","og_description":"Vielen Dank, dass Sie O&amp;O Defrag 29 installiert haben! Was ist O&amp;O Defrag? PCs werden im Laufe ihrer Nutzungszeit durch viele Faktoren langsamer. Der Hauptgrund ist die fragmentierte Speicherung von Dateien auf Festplatten und SSDs. Beim Defragmentieren werden Dateifragmente auf der Festplatte oder SSD logisch neu angeordnet, so dass Dateien wieder schneller von der Hardware ... Weiterlesen","og_url":"https:\/\/start.oo-software.com\/de\/oodefrag29\/","og_site_name":"O&amp;O Software","article_publisher":"https:\/\/www.facebook.com\/OOSoftware\/","article_modified_time":"2024-09-16T14:31:40+00:00","og_image":[{"url":"https:\/\/start.oo-software.com\/wp-content\/uploads\/ood29_start_auswahl.png"}],"twitter_card":"summary_large_image","twitter_site":"@oosoftware","twitter_misc":{"Gesch\u00e4tzte Lesezeit":"8\u00a0Minuten"},"schema":{"@context":"https:\/\/schema.org","@graph":[{"@type":"WebPage","@id":"https:\/\/start.oo-software.com\/de\/oodefrag29\/","url":"https:\/\/start.oo-software.com\/de\/oodefrag29\/","name":"Vielen Dank, dass Sie O&O Defrag 29 installiert haben! - O&amp;O Software","isPartOf":{"@id":"https:\/\/start.oo-software.com\/de\/#website"},"datePublished":"2024-09-13T15:45:44+00:00","dateModified":"2024-09-16T14:31:40+00:00","breadcrumb":{"@id":"https:\/\/start.oo-software.com\/de\/oodefrag29\/#breadcrumb"},"inLanguage":"de","potentialAction":[{"@type":"ReadAction","target":["https:\/\/start.oo-software.com\/de\/oodefrag29\/"]}]},{"@type":"BreadcrumbList","@id":"https:\/\/start.oo-software.com\/de\/oodefrag29\/#breadcrumb","itemListElement":[{"@type":"ListItem","position":1,"name":"Startseite","item":"https:\/\/start.oo-software.com\/de\/"},{"@type":"ListItem","position":2,"name":"Vielen Dank, dass Sie O&#038;O Defrag 29 installiert haben!"}]},{"@type":"WebSite","@id":"https:\/\/start.oo-software.com\/de\/#website","url":"https:\/\/start.oo-software.com\/de\/","name":"PC Migration","description":"Onboarding","publisher":{"@id":"https:\/\/start.oo-software.com\/de\/#organization"},"potentialAction":[{"@type":"SearchAction","target":{"@type":"EntryPoint","urlTemplate":"https:\/\/start.oo-software.com\/de\/?s={search_term_string}"},"query-input":"required name=search_term_string"}],"inLanguage":"de"},{"@type":"Organization","@id":"https:\/\/start.oo-software.com\/de\/#organization","name":"PC Migration - O&O Software GmbH","url":"https:\/\/start.oo-software.com\/de\/","logo":{"@type":"ImageObject","inLanguage":"de","@id":"https:\/\/start.oo-software.com\/de\/#\/schema\/logo\/image\/","url":"https:\/\/start.oo-software.com\/wp-content\/uploads\/2019\/03\/logo_oosoftware-1.png","contentUrl":"https:\/\/start.oo-software.com\/wp-content\/uploads\/2019\/03\/logo_oosoftware-1.png","width":263,"height":36,"caption":"PC Migration - O&O Software GmbH"},"image":{"@id":"https:\/\/start.oo-software.com\/de\/#\/schema\/logo\/image\/"},"sameAs":["https:\/\/de.linkedin.com\/company\/o&amp;amp;o-software-gmbh","https:\/\/www.youtube.com\/user\/oosoftw","https:\/\/www.facebook.com\/OOSoftware\/","https:\/\/twitter.com\/oosoftware"]}]}},"_links":{"self":[{"href":"https:\/\/start.oo-software.com\/de\/wp-json\/wp\/v2\/pages\/910"}],"collection":[{"href":"https:\/\/start.oo-software.com\/de\/wp-json\/wp\/v2\/pages"}],"about":[{"href":"https:\/\/start.oo-software.com\/de\/wp-json\/wp\/v2\/types\/page"}],"author":[{"embeddable":true,"href":"https:\/\/start.oo-software.com\/de\/wp-json\/wp\/v2\/users\/2"}],"replies":[{"embeddable":true,"href":"https:\/\/start.oo-software.com\/de\/wp-json\/wp\/v2\/comments?post=910"}],"version-history":[{"count":4,"href":"https:\/\/start.oo-software.com\/de\/wp-json\/wp\/v2\/pages\/910\/revisions"}],"predecessor-version":[{"id":925,"href":"https:\/\/start.oo-software.com\/de\/wp-json\/wp\/v2\/pages\/910\/revisions\/925"}],"wp:attachment":[{"href":"https:\/\/start.oo-software.com\/de\/wp-json\/wp\/v2\/media?parent=910"}],"curies":[{"name":"wp","href":"https:\/\/api.w.org\/{rel}","templated":true}]}}