{"id":906,"date":"2024-04-29T12:22:49","date_gmt":"2024-04-29T10:22:49","guid":{"rendered":"https:\/\/start.oo-software.com\/de\/?page_id=906"},"modified":"2025-05-26T12:35:06","modified_gmt":"2025-05-26T10:35:06","slug":"oosafeerase19","status":"publish","type":"page","link":"https:\/\/start.oo-software.com\/de\/oosafeerase19\/","title":{"rendered":"Vielen Dank, dass Sie O&#038;O SafeErase 19 installiert haben!"},"content":{"rendered":"<p><\/p>\n<h1>Vielen Dank, dass Sie O&amp;O SafeErase 19 installiert haben!<\/h1>\n<p>Wir m\u00f6chten Ihnen in ein paar kurzen Schritten zeigen, wie Sie schnell in die Benutzung von O&amp;O SafeErase einsteigen k\u00f6nnen.<\/p>\n<h3>Was ist O&amp;O SafeErase?<\/h3>\n<p>Wenn Sie Ihren alten Rechner verkaufen, verschenken oder entsorgen, k\u00f6nnen Ihre pers\u00f6nlichen Fotos oder gesch\u00e4ftlichen Daten leicht in falsche H\u00e4nde und somit auch an die \u00d6ffentlichkeit geraten.<br \/>\nDenn L\u00f6schen hei\u00dft nicht, dass die Daten vernichtet sind. Selbst das Formatieren der Festplatte reicht nicht aus, um Daten vollst\u00e4ndig zu entfernen. Mit O&amp;O SafeErase k\u00f6nnen Sie Ihre Daten mithilfe von anerkannten Verfahren sicher l\u00f6schen, so dass eine Rekonstruktion, auch mit spezieller Software, nicht mehr m\u00f6glich ist.<\/p>\n<div class=\"lyte-wrapper\" title=\"Erste Schritte mit O&amp;amp;O SafeErase 18\" style=\"width:853px;max-width:100%;margin:5px auto;\"><div class=\"lyMe hidef qsa_\\&amp;showinfo\\=0\" id=\"WYL_rFya7QwUJJE\" itemprop=\"video\" itemscope itemtype=\"https:\/\/schema.org\/VideoObject\"><div><meta itemprop=\"thumbnailUrl\" content=\"https:\/\/start.oo-software.com\/wp-content\/plugins\/wp-youtube-lyte\/lyteCache.php?origThumbUrl=https%3A%2F%2Fi.ytimg.com%2Fvi%2FrFya7QwUJJE%2Fmaxresdefault.jpg\" \/><meta itemprop=\"embedURL\" content=\"https:\/\/www.youtube.com\/embed\/rFya7QwUJJE\" \/><meta itemprop=\"duration\" content=\"PT1M32S\" \/><meta itemprop=\"uploadDate\" content=\"2023-06-06T12:45:39Z\" \/><\/div><div id=\"lyte_rFya7QwUJJE\" data-src=\"https:\/\/start.oo-software.com\/wp-content\/plugins\/wp-youtube-lyte\/lyteCache.php?origThumbUrl=https%3A%2F%2Fi.ytimg.com%2Fvi%2FrFya7QwUJJE%2Fmaxresdefault.jpg\" class=\"pL\"><div class=\"tC hidden\"><div class=\"tT\" itemprop=\"name\">Erste Schritte mit O&amp;O SafeErase 18<\/div><\/div><div class=\"play\"><\/div><div class=\"ctrl\"><div class=\"Lctrl\"><\/div><div class=\"Rctrl\"><\/div><\/div><\/div><noscript><a href=\"https:\/\/youtu.be\/rFya7QwUJJE\" rel=\"nofollow\"><img loading=\"lazy\" decoding=\"async\" src=\"https:\/\/start.oo-software.com\/wp-content\/plugins\/wp-youtube-lyte\/lyteCache.php?origThumbUrl=https%3A%2F%2Fi.ytimg.com%2Fvi%2FrFya7QwUJJE%2F0.jpg\" alt=\"Erste Schritte mit O&amp;amp;O SafeErase 18\" width=\"853\" height=\"460\" \/><br \/>Dieses Video auf YouTube ansehen<\/a><\/noscript><meta itemprop=\"description\" content=\"Festplatten, Partitionen sowie Dateien und Ordner l\u00f6schen \u2013 mit O&amp;O SafeErase kein Problem! Auch Cookies oder tempor\u00e4re Dateien k\u00f6nnen per Knopfdruck schnell und sicher gel\u00f6scht werden. Jeder Computernutzer kommt irgendwann mal an den Punkt, an dem er eine Festplatte l\u00f6schen oder bestimmte Dokumente sicher vernichten m\u00f6chte. Wird der Rechner verkauft, verschenkt oder entsorgt dann k\u00f6nnen Ihre pers\u00f6nlichen Fotos oder Gesch\u00e4ftsdaten leicht in falsche H\u00e4nde und somit auch an die \u00d6ffentlichkeit geraten. Denn L\u00f6schen ist nicht gleich \u201eL\u00f6schen\u201c und bedeutet nicht dass die Daten endg\u00fcltig entfernt sind. Selbst das Formatieren der Festplatte reicht nicht aus, um Daten vollst\u00e4ndig zu vernichten. O&amp;O SafeErase erlaubt Ihnen Ihre Daten mithilfe von anerkannten L\u00f6schverfahren sicher zu l\u00f6schen und zu \u00fcberschreiben, so dass eine Rekonstruktion, auch mit spezieller Software, nicht mehr m\u00f6glich ist. O&amp;O SafeErase 18: Dateien und Festplatten sicher l\u00f6schen \u00dcberzeugen Sie sich selbst: https:\/\/www.oo-software.com\/de\/safeerase-festplatten-daten-sicher-loeschen\"><\/div><\/div><div class=\"lL\" style=\"max-width:100%;width:853px;margin:5px auto;\"><\/div>\n<h3>Erste Schritte mit O&amp;O SafeErase<\/h3>\n<p>Nach dem ersten Start von O&amp;O SafeErase k\u00f6nnen Sie Ihre Lizenz durch einen Klick auf \u201eIch m\u00f6chte meine Lizenz eingeben oder eine Lizenz erwerben\u201c.<\/p>\n<p>O&amp;O SafeErase enth\u00e4lt eine Analysefunktion, die Ihren Rechner nach tempor\u00e4ren und bisher nicht sicher gel\u00f6schten Dateien durchsucht. Mit wenigen Klicks k\u00f6nnen Sie Ihren Rechner im Anschluss bereinigen, so dass Unbefugte keine Chance mehr haben, alte Dateien auszusp\u00e4hen und zu missbrauchen. Auch werden SSDs automatisch erkannt und L\u00f6schvorg\u00e4nge ressourcenschonend ausgef\u00fchrt.<\/p>\n<h4>F\u00fchren Sie einen Scan durch<\/h4>\n<p>Der Scan durchsucht Ihren Rechner nach Dateien, die potentiell gef\u00e4hrlich f\u00fcr Ihre Privatsph\u00e4re sind. Dazu geh\u00f6ren Browserdaten, tempor\u00e4re Windows- und Programmdaten, sowie Reste von Daten im freien Speicher. Ist der Scan abgeschlossen, k\u00f6nnen Sie sich durch klick auf <strong>Bericht anzeigen<\/strong> die Liste der gefundenen Dateien anzeigen lassen oder sie klicken auf <strong>Weiter<\/strong> und w\u00e4hlen eine L\u00f6schmethode. Alternativ k\u00f6nnen Sie <strong>Zur\u00fcck<\/strong> w\u00e4hlen und gelangen zur\u00fcck zur Startseite ohne dass etwas gel\u00f6scht wurde.<\/p>\n<p><img loading=\"lazy\" decoding=\"async\" src=\"https:\/\/start.oo-software.com\/wp-content\/uploads\/oose16_scan_gefunden-1.png\" alt=\"\" width=\"1050\" height=\"744\" class=\"alignnone size-full wp-image-777\" srcset=\"https:\/\/start.oo-software.com\/wp-content\/uploads\/oose16_scan_gefunden-1.png 1050w, https:\/\/start.oo-software.com\/wp-content\/uploads\/oose16_scan_gefunden-1-768x544.png 768w\" sizes=\"(max-width: 1050px) 100vw, 1050px\" \/><\/p>\n<p>Eine L\u00f6schung durchf\u00fchren<\/p>\n<p>Beispiel: Dateien und Ordner l\u00f6schen<\/p>\n<p>W\u00e4hlen Sie den Punkt <strong>Dateien und Ordner<\/strong> auf der Startseite um ausgew\u00e4hlte Daten unwiederbringlich zu l\u00f6schen. Sie sind dann auch mit spezieller Datenrettungssoftware nicht mehr rekonstruierbar.<\/p>\n<p><img loading=\"lazy\" decoding=\"async\" src=\"https:\/\/start.oo-software.com\/wp-content\/uploads\/oose16_dateien_ordner_002-1.png\" alt=\"\" width=\"1050\" height=\"744\" class=\"alignnone size-full wp-image-778\" srcset=\"https:\/\/start.oo-software.com\/wp-content\/uploads\/oose16_dateien_ordner_002-1.png 1050w, https:\/\/start.oo-software.com\/wp-content\/uploads\/oose16_dateien_ordner_002-1-768x544.png 768w\" sizes=\"(max-width: 1050px) 100vw, 1050px\" \/><\/p>\n<p>Sie k\u00f6nnen einzelne oder mehrere Dateien und Ordner durch Drag and Drop der Liste hinzuf\u00fcgen. \u00d6ffnen Sie daf\u00fcr den Datei Explorer, markieren Sie die gew\u00fcnschten Dateien und ziehen Sie sie mithilfe der Maus in den grauen Bereich auf der \u201eDateien und Ordner l\u00f6schen\u201c Seite von O&amp;O SafeErase. Die Elemente werden dann f\u00fcr die L\u00f6schung vorgemerkt.<\/p>\n<p>Durch Klick auf <strong>Weiter<\/strong> gelangen Sie zur Auswahl der L\u00f6schmethode, durch Klick auf <strong>Zur\u00fcck<\/strong> wird Ihre Auswahl verworfen.<\/p>\n<p>F\u00fcr jede durchgef\u00fchrte Aktion wird ein Bericht erstellt, in dem Sie ablesen k\u00f6nnen, welche Programmfunktionen ausgef\u00fchrt wurden. Die L\u00f6schberichte, die Sie entweder manuell nach jedem Vorgang oder per Einstellung automatisch speichern, sind unter <strong>Berichte<\/strong> zu finden.<\/p>\n<p><b>ClusterView<\/b><br \/>\n<img loading=\"lazy\" decoding=\"async\" src=\"https:\/\/start.oo-software.com\/wp-content\/uploads\/oose16_clusterview.png\" alt=\"\" width=\"1050\" height=\"744\" class=\"alignnone size-full wp-image-779\" srcset=\"https:\/\/start.oo-software.com\/wp-content\/uploads\/oose16_clusterview.png 1050w, https:\/\/start.oo-software.com\/wp-content\/uploads\/oose16_clusterview-768x544.png 768w\" sizes=\"(max-width: 1050px) 100vw, 1050px\" \/><\/p>\n<p>&nbsp;<\/p>\n<p><em>Wir w\u00fcnschen Ihnen viel Spa\u00df mit O&amp;O SafeErase!<\/em><\/p>\n<p>Weitere Tipps und Tricks finden Sie auf unserer Produktseite unter:<\/p>\n<p><a href=\"https:\/\/www.oo-software.com\/de\/products\/oosafeerase\">https:\/\/www.oo-software.com\/de\/products\/oosafeerase<\/a><\/p>","protected":false},"excerpt":{"rendered":"<p>Vielen Dank, dass Sie O&amp;O SafeErase 19 installiert haben! Wir m\u00f6chten Ihnen in ein paar kurzen Schritten zeigen, wie Sie schnell in die Benutzung von O&amp;O SafeErase einsteigen k\u00f6nnen. Was ist O&amp;O SafeErase? Wenn Sie Ihren alten Rechner verkaufen, verschenken oder entsorgen, k\u00f6nnen Ihre pers\u00f6nlichen Fotos oder gesch\u00e4ftlichen Daten leicht in falsche H\u00e4nde und somit &#8230; <a title=\"Vielen Dank, dass Sie O&#038;O SafeErase 19 installiert haben!\" class=\"read-more\" href=\"https:\/\/start.oo-software.com\/de\/oosafeerase19\/\" aria-label=\"Mehr dazu unter Vielen Dank, dass Sie O&#038;O SafeErase 19 installiert haben!\">Weiterlesen<\/a><\/p>\n","protected":false},"author":2,"featured_media":0,"parent":0,"menu_order":0,"comment_status":"closed","ping_status":"closed","template":"","meta":{"footnotes":""},"yoast_head":"<!-- This site is optimized with the Yoast SEO plugin v19.13 - https:\/\/yoast.com\/wordpress\/plugins\/seo\/ -->\n<title>Vielen Dank, dass Sie O&amp;O SafeErase 19 installiert haben! - O&amp;O Software<\/title>\n<meta name=\"robots\" content=\"index, follow, max-snippet:-1, max-image-preview:large, max-video-preview:-1\" \/>\n<link rel=\"canonical\" href=\"https:\/\/start.oo-software.com\/de\/oosafeerase19\/\" \/>\n<meta property=\"og:locale\" content=\"de_DE\" \/>\n<meta property=\"og:type\" content=\"article\" \/>\n<meta property=\"og:title\" content=\"Vielen Dank, dass Sie O&amp;O SafeErase 19 installiert haben! - O&amp;O Software\" \/>\n<meta property=\"og:description\" content=\"Vielen Dank, dass Sie O&amp;O SafeErase 19 installiert haben! Wir m\u00f6chten Ihnen in ein paar kurzen Schritten zeigen, wie Sie schnell in die Benutzung von O&amp;O SafeErase einsteigen k\u00f6nnen. Was ist O&amp;O SafeErase? Wenn Sie Ihren alten Rechner verkaufen, verschenken oder entsorgen, k\u00f6nnen Ihre pers\u00f6nlichen Fotos oder gesch\u00e4ftlichen Daten leicht in falsche H\u00e4nde und somit ... Weiterlesen\" \/>\n<meta property=\"og:url\" content=\"https:\/\/start.oo-software.com\/de\/oosafeerase19\/\" \/>\n<meta property=\"og:site_name\" content=\"O&amp;O Software\" \/>\n<meta property=\"article:publisher\" content=\"https:\/\/www.facebook.com\/OOSoftware\/\" \/>\n<meta property=\"article:modified_time\" content=\"2025-05-26T10:35:06+00:00\" \/>\n<meta property=\"og:image\" content=\"https:\/\/start.oo-software.com\/wp-content\/uploads\/oose16_scan_gefunden-1.png\" \/>\n<meta name=\"twitter:card\" content=\"summary_large_image\" \/>\n<meta name=\"twitter:site\" content=\"@oosoftware\" \/>\n<meta name=\"twitter:label1\" content=\"Gesch\u00e4tzte Lesezeit\" \/>\n\t<meta name=\"twitter:data1\" content=\"5\u00a0Minuten\" \/>\n<script type=\"application\/ld+json\" class=\"yoast-schema-graph\">{\"@context\":\"https:\/\/schema.org\",\"@graph\":[{\"@type\":\"WebPage\",\"@id\":\"https:\/\/start.oo-software.com\/de\/oosafeerase19\/\",\"url\":\"https:\/\/start.oo-software.com\/de\/oosafeerase19\/\",\"name\":\"Vielen Dank, dass Sie O&O SafeErase 19 installiert haben! - O&amp;O Software\",\"isPartOf\":{\"@id\":\"https:\/\/start.oo-software.com\/de\/#website\"},\"datePublished\":\"2024-04-29T10:22:49+00:00\",\"dateModified\":\"2025-05-26T10:35:06+00:00\",\"breadcrumb\":{\"@id\":\"https:\/\/start.oo-software.com\/de\/oosafeerase19\/#breadcrumb\"},\"inLanguage\":\"de\",\"potentialAction\":[{\"@type\":\"ReadAction\",\"target\":[\"https:\/\/start.oo-software.com\/de\/oosafeerase19\/\"]}]},{\"@type\":\"BreadcrumbList\",\"@id\":\"https:\/\/start.oo-software.com\/de\/oosafeerase19\/#breadcrumb\",\"itemListElement\":[{\"@type\":\"ListItem\",\"position\":1,\"name\":\"Startseite\",\"item\":\"https:\/\/start.oo-software.com\/de\/\"},{\"@type\":\"ListItem\",\"position\":2,\"name\":\"Vielen Dank, dass Sie O&#038;O SafeErase 19 installiert haben!\"}]},{\"@type\":\"WebSite\",\"@id\":\"https:\/\/start.oo-software.com\/de\/#website\",\"url\":\"https:\/\/start.oo-software.com\/de\/\",\"name\":\"PC Migration\",\"description\":\"Onboarding\",\"publisher\":{\"@id\":\"https:\/\/start.oo-software.com\/de\/#organization\"},\"potentialAction\":[{\"@type\":\"SearchAction\",\"target\":{\"@type\":\"EntryPoint\",\"urlTemplate\":\"https:\/\/start.oo-software.com\/de\/?s={search_term_string}\"},\"query-input\":\"required name=search_term_string\"}],\"inLanguage\":\"de\"},{\"@type\":\"Organization\",\"@id\":\"https:\/\/start.oo-software.com\/de\/#organization\",\"name\":\"PC Migration - O&O Software GmbH\",\"url\":\"https:\/\/start.oo-software.com\/de\/\",\"logo\":{\"@type\":\"ImageObject\",\"inLanguage\":\"de\",\"@id\":\"https:\/\/start.oo-software.com\/de\/#\/schema\/logo\/image\/\",\"url\":\"https:\/\/start.oo-software.com\/wp-content\/uploads\/2019\/03\/logo_oosoftware-1.png\",\"contentUrl\":\"https:\/\/start.oo-software.com\/wp-content\/uploads\/2019\/03\/logo_oosoftware-1.png\",\"width\":263,\"height\":36,\"caption\":\"PC Migration - O&O Software GmbH\"},\"image\":{\"@id\":\"https:\/\/start.oo-software.com\/de\/#\/schema\/logo\/image\/\"},\"sameAs\":[\"https:\/\/de.linkedin.com\/company\/o&amp;amp;o-software-gmbh\",\"https:\/\/www.youtube.com\/user\/oosoftw\",\"https:\/\/www.facebook.com\/OOSoftware\/\",\"https:\/\/twitter.com\/oosoftware\"]}]}<\/script>\n<!-- \/ Yoast SEO plugin. -->","yoast_head_json":{"title":"Vielen Dank, dass Sie O&O SafeErase 19 installiert haben! - O&amp;O Software","robots":{"index":"index","follow":"follow","max-snippet":"max-snippet:-1","max-image-preview":"max-image-preview:large","max-video-preview":"max-video-preview:-1"},"canonical":"https:\/\/start.oo-software.com\/de\/oosafeerase19\/","og_locale":"de_DE","og_type":"article","og_title":"Vielen Dank, dass Sie O&O SafeErase 19 installiert haben! - O&amp;O Software","og_description":"Vielen Dank, dass Sie O&amp;O SafeErase 19 installiert haben! Wir m\u00f6chten Ihnen in ein paar kurzen Schritten zeigen, wie Sie schnell in die Benutzung von O&amp;O SafeErase einsteigen k\u00f6nnen. Was ist O&amp;O SafeErase? Wenn Sie Ihren alten Rechner verkaufen, verschenken oder entsorgen, k\u00f6nnen Ihre pers\u00f6nlichen Fotos oder gesch\u00e4ftlichen Daten leicht in falsche H\u00e4nde und somit ... Weiterlesen","og_url":"https:\/\/start.oo-software.com\/de\/oosafeerase19\/","og_site_name":"O&amp;O Software","article_publisher":"https:\/\/www.facebook.com\/OOSoftware\/","article_modified_time":"2025-05-26T10:35:06+00:00","og_image":[{"url":"https:\/\/start.oo-software.com\/wp-content\/uploads\/oose16_scan_gefunden-1.png"}],"twitter_card":"summary_large_image","twitter_site":"@oosoftware","twitter_misc":{"Gesch\u00e4tzte Lesezeit":"5\u00a0Minuten"},"schema":{"@context":"https:\/\/schema.org","@graph":[{"@type":"WebPage","@id":"https:\/\/start.oo-software.com\/de\/oosafeerase19\/","url":"https:\/\/start.oo-software.com\/de\/oosafeerase19\/","name":"Vielen Dank, dass Sie O&O SafeErase 19 installiert haben! - O&amp;O Software","isPartOf":{"@id":"https:\/\/start.oo-software.com\/de\/#website"},"datePublished":"2024-04-29T10:22:49+00:00","dateModified":"2025-05-26T10:35:06+00:00","breadcrumb":{"@id":"https:\/\/start.oo-software.com\/de\/oosafeerase19\/#breadcrumb"},"inLanguage":"de","potentialAction":[{"@type":"ReadAction","target":["https:\/\/start.oo-software.com\/de\/oosafeerase19\/"]}]},{"@type":"BreadcrumbList","@id":"https:\/\/start.oo-software.com\/de\/oosafeerase19\/#breadcrumb","itemListElement":[{"@type":"ListItem","position":1,"name":"Startseite","item":"https:\/\/start.oo-software.com\/de\/"},{"@type":"ListItem","position":2,"name":"Vielen Dank, dass Sie O&#038;O SafeErase 19 installiert haben!"}]},{"@type":"WebSite","@id":"https:\/\/start.oo-software.com\/de\/#website","url":"https:\/\/start.oo-software.com\/de\/","name":"PC Migration","description":"Onboarding","publisher":{"@id":"https:\/\/start.oo-software.com\/de\/#organization"},"potentialAction":[{"@type":"SearchAction","target":{"@type":"EntryPoint","urlTemplate":"https:\/\/start.oo-software.com\/de\/?s={search_term_string}"},"query-input":"required name=search_term_string"}],"inLanguage":"de"},{"@type":"Organization","@id":"https:\/\/start.oo-software.com\/de\/#organization","name":"PC Migration - O&O Software GmbH","url":"https:\/\/start.oo-software.com\/de\/","logo":{"@type":"ImageObject","inLanguage":"de","@id":"https:\/\/start.oo-software.com\/de\/#\/schema\/logo\/image\/","url":"https:\/\/start.oo-software.com\/wp-content\/uploads\/2019\/03\/logo_oosoftware-1.png","contentUrl":"https:\/\/start.oo-software.com\/wp-content\/uploads\/2019\/03\/logo_oosoftware-1.png","width":263,"height":36,"caption":"PC Migration - O&O Software GmbH"},"image":{"@id":"https:\/\/start.oo-software.com\/de\/#\/schema\/logo\/image\/"},"sameAs":["https:\/\/de.linkedin.com\/company\/o&amp;amp;o-software-gmbh","https:\/\/www.youtube.com\/user\/oosoftw","https:\/\/www.facebook.com\/OOSoftware\/","https:\/\/twitter.com\/oosoftware"]}]}},"_links":{"self":[{"href":"https:\/\/start.oo-software.com\/de\/wp-json\/wp\/v2\/pages\/906"}],"collection":[{"href":"https:\/\/start.oo-software.com\/de\/wp-json\/wp\/v2\/pages"}],"about":[{"href":"https:\/\/start.oo-software.com\/de\/wp-json\/wp\/v2\/types\/page"}],"author":[{"embeddable":true,"href":"https:\/\/start.oo-software.com\/de\/wp-json\/wp\/v2\/users\/2"}],"replies":[{"embeddable":true,"href":"https:\/\/start.oo-software.com\/de\/wp-json\/wp\/v2\/comments?post=906"}],"version-history":[{"count":2,"href":"https:\/\/start.oo-software.com\/de\/wp-json\/wp\/v2\/pages\/906\/revisions"}],"predecessor-version":[{"id":944,"href":"https:\/\/start.oo-software.com\/de\/wp-json\/wp\/v2\/pages\/906\/revisions\/944"}],"wp:attachment":[{"href":"https:\/\/start.oo-software.com\/de\/wp-json\/wp\/v2\/media?parent=906"}],"curies":[{"name":"wp","href":"https:\/\/api.w.org\/{rel}","templated":true}]}}