{"id":809,"date":"2021-09-17T12:22:29","date_gmt":"2021-09-17T10:22:29","guid":{"rendered":"https:\/\/start.oo-software.com\/de\/?page_id=809"},"modified":"2022-10-17T15:46:14","modified_gmt":"2022-10-17T13:46:14","slug":"oodefrag25","status":"publish","type":"page","link":"https:\/\/start.oo-software.com\/de\/oodefrag25\/","title":{"rendered":"Vielen Dank, dass Sie O&#038;O Defrag 25 installiert haben!"},"content":{"rendered":"<p><\/p>\n<h1>Vielen Dank, dass Sie O&amp;O Defrag 25 installiert haben!<\/h1>\n<p>Wir m\u00f6chten Ihnen in ein paar kurzen Schritten zeigen, wie Sie schnell in die Benutzung von O&amp;O Defrag einsteigen k\u00f6nnen.<\/p>\n<div class=\"lyte-wrapper\" title=\"Neuheiten in O&amp;amp;O Defrag 25 - Analyse der Laufwerksgesundheit mit S.M.A.R.T-Funktionalit&auml;t\" style=\"width:853px;max-width:100%;margin:5px auto;\"><div class=\"lyMe hidef qsa_\\&amp;showinfo\\=0\" id=\"WYL_IHlb4budZMs\" itemprop=\"video\" itemscope itemtype=\"https:\/\/schema.org\/VideoObject\"><div><meta itemprop=\"thumbnailUrl\" content=\"https:\/\/start.oo-software.com\/wp-content\/plugins\/wp-youtube-lyte\/lyteCache.php?origThumbUrl=https%3A%2F%2Fi.ytimg.com%2Fvi%2FIHlb4budZMs%2Fmaxresdefault.jpg\" \/><meta itemprop=\"embedURL\" content=\"https:\/\/www.youtube.com\/embed\/IHlb4budZMs\" \/><meta itemprop=\"duration\" content=\"PT1M52S\" \/><meta itemprop=\"uploadDate\" content=\"2021-09-17T07:40:02Z\" \/><\/div><div id=\"lyte_IHlb4budZMs\" data-src=\"https:\/\/start.oo-software.com\/wp-content\/plugins\/wp-youtube-lyte\/lyteCache.php?origThumbUrl=https%3A%2F%2Fi.ytimg.com%2Fvi%2FIHlb4budZMs%2Fmaxresdefault.jpg\" class=\"pL\"><div class=\"tC hidden\"><div class=\"tT\" itemprop=\"name\">Neuheiten in O&amp;O Defrag 25 - Analyse der Laufwerksgesundheit mit S.M.A.R.T-Funktionalit\u00e4t<\/div><\/div><div class=\"play\"><\/div><div class=\"ctrl\"><div class=\"Lctrl\"><\/div><div class=\"Rctrl\"><\/div><\/div><\/div><noscript><a href=\"https:\/\/youtu.be\/IHlb4budZMs\" rel=\"nofollow\"><img loading=\"lazy\" decoding=\"async\" src=\"https:\/\/start.oo-software.com\/wp-content\/plugins\/wp-youtube-lyte\/lyteCache.php?origThumbUrl=https%3A%2F%2Fi.ytimg.com%2Fvi%2FIHlb4budZMs%2F0.jpg\" alt=\"Neuheiten in O&amp;amp;O Defrag 25 - Analyse der Laufwerksgesundheit mit S.M.A.R.T-Funktionalit&auml;t\" width=\"853\" height=\"460\" \/><br \/>Dieses Video auf YouTube ansehen<\/a><\/noscript><meta itemprop=\"description\" content=\"O&amp;O Defrag 25: Festplatten und SSDs optimieren Analyse der Laufwerksgesundheit mit S.M.A.R.T-Funktionalit\u00e4t In O&amp;O Defrag 25 wurde erstmals die S.M.A.R.T.-Funktionalit\u00e4t integriert. Diese zeigt den \u201cGesundheitszustand\u201d von Festplatten, SSDs und RAIDs an, sollte es zu Problemen kommen. Dies k\u00f6nnen eine hohe Temperatur oder auch vom Laufwerk selbst gemeldete Fehler sein. Sollte es zu einer Auff\u00e4lligkeit kommen, wird eine Meldung \u00fcber das Info-Center von Windows angezeigt. O&amp;O Defrag unterst\u00fctzt die Windows Compact OS-Funktion Auch im Maschinenraum von O&amp;O Defrag sind viele Dinge hinzugekommen, die den Einsatz insbesondere unter Windows 10 noch besser machen. So unterst\u00fctzt Version 25 jetzt erstmalig die in Windows 10 integrierte Funktion zum Komprimieren von Systemdateien, so dass mehr Speicherplatz in Windows 10 frei werden kann. \u201eInstall &amp; That\u2019s All\u201c: Nach der Installation m\u00fcssen keine weiteren Einstellungen vorgenommen werden, das Programm w\u00e4hlt die f\u00fcr das System passende Defragmentierungsmethode aus und wendet diese an. Jetzt erleben und testen: https:\/\/www.oo-software.com\/de\/products\/oodefrag\"><\/div><\/div><div class=\"lL\" style=\"max-width:100%;width:853px;margin:5px auto;\"><\/div>\n<h3>Was ist O&amp;O Defrag?<\/h3>\n<p>PCs werden im Laufe ihrer Nutzungszeit durch viele Faktoren langsamer. Der Hauptgrund ist die fragmentierte Speicherung von Dateien auf Festplatten und SSDs. Beim Defragmentieren werden Dateifragmente auf der Festplatte oder SSD logisch neu angeordnet, so dass Dateien wieder schneller von der Hardware erkannt und verarbeitet werden k\u00f6nnen. Das spart Ihnen Zeit und Geld!<\/p>\n<h3>Erste Schritte mit O&amp;O Defrag<\/h3>\n<p>Nach dem ersten Start von O&amp;O Defrag k\u00f6nnen Sie Ihre Lizenz durch einen Klick auf \u201eIch m\u00f6chte meine Lizenz eingeben oder eine Lizenz erwerben\u201c.<\/p>\n<p>O&amp;O Defrag 25 bestimmt mit seinem neuen intelligenten Verfahren Install &amp; That&#8217;s All automatisch die besten Einstellungen und Defragmentierungsmethoden f\u00fcr den jeweiligen Rechner und dessen Hardware. Abh\u00e4ngig vom Vorhandensein von HDDs und SSDs werden die entsprechenden Optimierungen regelm\u00e4\u00dfig ausgef\u00fchrt und die Performance des PCs dauerhaft aufrechterhalten.<\/p>\n<p>Nat\u00fcrlich k\u00f6nnen Sie auch weiterhin selbst Einstellungen vornehmen, sofern Sie das noch m\u00f6chten.<\/p>\n<h3>Analyse Ihrer Laufwerksgesundheit mit S.M.A.R.T-Funktionalit\u00e4t<\/h3>\n<p>In O&amp;O Defrag 25 wurde erstmals die S.M.A.R.T.-Funktionalit\u00e4t integriert. Diese zeigt den \u201cGesundheitszustand\u201d Ihrer Festplatten, SSDs und RAIDs an, sollte es zu Problemen kommen. Dies k\u00f6nnen eine hohe Temperatur oder auch vom Laufwerk selbst gemeldete Fehler sein. Sollte es zu einer Auff\u00e4lligkeit kommen, wird eine Meldung \u00fcber das Info-Center von Windows angezeigt.<\/p>\n<h3>Deskband f\u00fcr die Laufwerksaktivit\u00e4tsanzeige in der Windows Taskbar<\/h3>\n<p><img loading=\"lazy\" decoding=\"async\" class=\"alignnone size-full wp-image-812\" src=\"https:\/\/start.oo-software.com\/wp-content\/uploads\/ood25_deskband_de.png\" alt=\"\" width=\"460\" height=\"40\" \/><\/p>\n<p>Mit der neuen Version von O&amp;O Defrag werden die Aktionen des eigenen Rechners pr\u00e4senter. In der Taskbar kann sich der Nutzer anzeigen lassen, welche Festplatte gerade aktiv ist. Durch rechtsklick kann eine Suche auf dem jeweiligen Datentr\u00e4ger gestartet werden.<\/p>\n<h3>Analyse Ihrer Laufwerke<\/h3>\n<p>Durch die Analyse Ihrer Festplatten erhalten Sie eine \u00dcbersicht, wie Dateien auf einem Laufwerk angeordnet und wie stark diese fragmentiert sind:<\/p>\n<ol>\n<li>W\u00e4hlen Sie das zu analysierende Laufwerk in der Laufwerksliste aus.<\/li>\n<li>Starten Sie die Analyse \u00fcber die Multifunktionsleiste oder aus dem Kontextmen\u00fc heraus.<\/li>\n<li>Die Analyse kann, abh\u00e4ngig von der Gr\u00f6\u00dfe des Laufwerks, einige Zeit in Anspruch nehmen. Sie erkennen den Analysevorgang an dem Laufwerkssymbol und der Fortschrittsanzeige.<\/li>\n<li>Nach Abschluss der Analyse k\u00f6nnen Sie sich einen umfassenden Statusbericht anzeigen lassen.<\/li>\n<\/ol>\n<p><img loading=\"lazy\" decoding=\"async\" class=\"alignnone size-full wp-image-727\" src=\"https:\/\/start.oo-software.com\/wp-content\/uploads\/ood24_analyse.png\" alt=\"\" width=\"1295\" height=\"841\" srcset=\"https:\/\/start.oo-software.com\/wp-content\/uploads\/ood24_analyse.png 1295w, https:\/\/start.oo-software.com\/wp-content\/uploads\/ood24_analyse-768x499.png 768w\" sizes=\"(max-width: 1295px) 100vw, 1295px\" \/><\/p>\n<p>Sie k\u00f6nnen auch mehrere Laufwerke gleichzeitig analysieren. Halten Sie hierf\u00fcr bei der Laufwerkswahl die Strg-Taste gedr\u00fcckt und markieren Sie die Laufwerke.<\/p>\n<h3>Defragmentierung Ihrer Laufwerke<\/h3>\n<p>Mit O&amp;O Defrag k\u00f6nnen Sie mit wenigen Mausklicks sowohl einzelne Laufwerke als auch Ihren gesamten Rechner defragmentieren. In der Regel dauert die erste Defragmentierung am l\u00e4ngsten, denn O&amp;O Defrag muss Ihr System komplett \u00fcberpr\u00fcfen und s\u00e4mtliche Dateien an ihre optimale Positionen bringen. Wir empfehlen deshalb die erste Defragmentierung mit der STEALTH- oder SPACE-Methode durchzuf\u00fchren. Einzelne Laufwerke defragmentieren:<\/p>\n<ol>\n<li>W\u00e4hlen Sie das zu defragmentierende Laufwerk aus der Laufwerksliste aus.<\/li>\n<li>Wenn Sie auf die Start-Schaltfl\u00e4che in der Multifunktionsleiste klicken, startet Die Defragmentierung mit der standardm\u00e4\u00dfig eingestellten SPACE-Methode f\u00fcr HDDs sowie mit SOLID-Complete f\u00fcr SSDs. Wenn Sie die Methode \u00e4ndern m\u00f6chten, \u00f6ffnen Sie bitte zuerst das Untermen\u00fc der Start-Schaltfl\u00e4che und w\u00e4hlen Ihre gew\u00fcnschte Methode aus.<\/li>\n<li>Die Defragmentierung kann, abh\u00e4ngig von der Gr\u00f6\u00dfe Ihres Datenbestandes, mehrere Stunden dauern. Sie erkennen einen laufenden Defragmentierungsvorgang an dem Laufwerkssymbol und der Fortschrittsanzeige.<\/li>\n<\/ol>\n<p><img loading=\"lazy\" decoding=\"async\" class=\"alignnone size-full wp-image-728\" src=\"https:\/\/start.oo-software.com\/wp-content\/uploads\/oode24_vorher_nachher.png\" alt=\"\" width=\"770\" height=\"565\" srcset=\"https:\/\/start.oo-software.com\/wp-content\/uploads\/oode24_vorher_nachher.png 770w, https:\/\/start.oo-software.com\/wp-content\/uploads\/oode24_vorher_nachher-768x564.png 768w\" sizes=\"(max-width: 770px) 100vw, 770px\" \/><\/p>\n<p>Nach Abschluss der Defragmentierung k\u00f6nnen Sie sich einen umfassenden Statusbericht anzeigen lassen.<\/p>\n<p>&nbsp;<\/p>\n<p><em>Wir w\u00fcnschen Ihnen viel Spa\u00df mit O&amp;O Defrag!<\/em><\/p>\n<p>&nbsp;<\/p>\n<p>Weitere Tipps und Tricks finden Sie auf unserer Produktseite unter:<\/p>\n<p><a href=\"https:\/\/www.oo-software.com\/de\/products\/oodefrag\">https:\/\/www.oo-software.com\/de\/products\/oodefrag<\/a><\/p>","protected":false},"excerpt":{"rendered":"<p>Vielen Dank, dass Sie O&amp;O Defrag 25 installiert haben! Wir m\u00f6chten Ihnen in ein paar kurzen Schritten zeigen, wie Sie schnell in die Benutzung von O&amp;O Defrag einsteigen k\u00f6nnen. Was ist O&amp;O Defrag? PCs werden im Laufe ihrer Nutzungszeit durch viele Faktoren langsamer. Der Hauptgrund ist die fragmentierte Speicherung von Dateien auf Festplatten und SSDs. &#8230; <a title=\"Vielen Dank, dass Sie O&#038;O Defrag 25 installiert haben!\" class=\"read-more\" href=\"https:\/\/start.oo-software.com\/de\/oodefrag25\/\" aria-label=\"Mehr dazu unter Vielen Dank, dass Sie O&#038;O Defrag 25 installiert haben!\">Weiterlesen<\/a><\/p>\n","protected":false},"author":6,"featured_media":0,"parent":0,"menu_order":0,"comment_status":"closed","ping_status":"closed","template":"","meta":{"footnotes":""},"yoast_head":"<!-- This site is optimized with the Yoast SEO plugin v19.13 - https:\/\/yoast.com\/wordpress\/plugins\/seo\/ -->\n<title>Vielen Dank, dass Sie O&amp;O Defrag 25 installiert haben! - O&amp;O Software<\/title>\n<meta name=\"robots\" content=\"index, follow, max-snippet:-1, max-image-preview:large, max-video-preview:-1\" \/>\n<link rel=\"canonical\" href=\"https:\/\/start.oo-software.com\/de\/oodefrag25\/\" \/>\n<meta property=\"og:locale\" content=\"de_DE\" \/>\n<meta property=\"og:type\" content=\"article\" \/>\n<meta property=\"og:title\" content=\"Vielen Dank, dass Sie O&amp;O Defrag 25 installiert haben! - O&amp;O Software\" \/>\n<meta property=\"og:description\" content=\"Vielen Dank, dass Sie O&amp;O Defrag 25 installiert haben! Wir m\u00f6chten Ihnen in ein paar kurzen Schritten zeigen, wie Sie schnell in die Benutzung von O&amp;O Defrag einsteigen k\u00f6nnen. Was ist O&amp;O Defrag? PCs werden im Laufe ihrer Nutzungszeit durch viele Faktoren langsamer. Der Hauptgrund ist die fragmentierte Speicherung von Dateien auf Festplatten und SSDs. ... Weiterlesen\" \/>\n<meta property=\"og:url\" content=\"https:\/\/start.oo-software.com\/de\/oodefrag25\/\" \/>\n<meta property=\"og:site_name\" content=\"O&amp;O Software\" \/>\n<meta property=\"article:publisher\" content=\"https:\/\/www.facebook.com\/OOSoftware\/\" \/>\n<meta property=\"article:modified_time\" content=\"2022-10-17T13:46:14+00:00\" \/>\n<meta property=\"og:image\" content=\"https:\/\/start.oo-software.com\/wp-content\/uploads\/ood25_deskband_de.png\" \/>\n<meta name=\"twitter:card\" content=\"summary_large_image\" \/>\n<meta name=\"twitter:site\" content=\"@oosoftware\" \/>\n<meta name=\"twitter:label1\" content=\"Gesch\u00e4tzte Lesezeit\" \/>\n\t<meta name=\"twitter:data1\" content=\"8\u00a0Minuten\" \/>\n<script type=\"application\/ld+json\" class=\"yoast-schema-graph\">{\"@context\":\"https:\/\/schema.org\",\"@graph\":[{\"@type\":\"WebPage\",\"@id\":\"https:\/\/start.oo-software.com\/de\/oodefrag25\/\",\"url\":\"https:\/\/start.oo-software.com\/de\/oodefrag25\/\",\"name\":\"Vielen Dank, dass Sie O&O Defrag 25 installiert haben! - O&amp;O Software\",\"isPartOf\":{\"@id\":\"https:\/\/start.oo-software.com\/de\/#website\"},\"datePublished\":\"2021-09-17T10:22:29+00:00\",\"dateModified\":\"2022-10-17T13:46:14+00:00\",\"breadcrumb\":{\"@id\":\"https:\/\/start.oo-software.com\/de\/oodefrag25\/#breadcrumb\"},\"inLanguage\":\"de\",\"potentialAction\":[{\"@type\":\"ReadAction\",\"target\":[\"https:\/\/start.oo-software.com\/de\/oodefrag25\/\"]}]},{\"@type\":\"BreadcrumbList\",\"@id\":\"https:\/\/start.oo-software.com\/de\/oodefrag25\/#breadcrumb\",\"itemListElement\":[{\"@type\":\"ListItem\",\"position\":1,\"name\":\"Startseite\",\"item\":\"https:\/\/start.oo-software.com\/de\/\"},{\"@type\":\"ListItem\",\"position\":2,\"name\":\"Vielen Dank, dass Sie O&#038;O Defrag 25 installiert haben!\"}]},{\"@type\":\"WebSite\",\"@id\":\"https:\/\/start.oo-software.com\/de\/#website\",\"url\":\"https:\/\/start.oo-software.com\/de\/\",\"name\":\"PC Migration\",\"description\":\"Onboarding\",\"publisher\":{\"@id\":\"https:\/\/start.oo-software.com\/de\/#organization\"},\"potentialAction\":[{\"@type\":\"SearchAction\",\"target\":{\"@type\":\"EntryPoint\",\"urlTemplate\":\"https:\/\/start.oo-software.com\/de\/?s={search_term_string}\"},\"query-input\":\"required name=search_term_string\"}],\"inLanguage\":\"de\"},{\"@type\":\"Organization\",\"@id\":\"https:\/\/start.oo-software.com\/de\/#organization\",\"name\":\"PC Migration - O&O Software GmbH\",\"url\":\"https:\/\/start.oo-software.com\/de\/\",\"logo\":{\"@type\":\"ImageObject\",\"inLanguage\":\"de\",\"@id\":\"https:\/\/start.oo-software.com\/de\/#\/schema\/logo\/image\/\",\"url\":\"https:\/\/start.oo-software.com\/wp-content\/uploads\/2019\/03\/logo_oosoftware-1.png\",\"contentUrl\":\"https:\/\/start.oo-software.com\/wp-content\/uploads\/2019\/03\/logo_oosoftware-1.png\",\"width\":263,\"height\":36,\"caption\":\"PC Migration - O&O Software GmbH\"},\"image\":{\"@id\":\"https:\/\/start.oo-software.com\/de\/#\/schema\/logo\/image\/\"},\"sameAs\":[\"https:\/\/de.linkedin.com\/company\/o&amp;amp;o-software-gmbh\",\"https:\/\/www.youtube.com\/user\/oosoftw\",\"https:\/\/www.facebook.com\/OOSoftware\/\",\"https:\/\/twitter.com\/oosoftware\"]}]}<\/script>\n<!-- \/ Yoast SEO plugin. -->","yoast_head_json":{"title":"Vielen Dank, dass Sie O&O Defrag 25 installiert haben! - O&amp;O Software","robots":{"index":"index","follow":"follow","max-snippet":"max-snippet:-1","max-image-preview":"max-image-preview:large","max-video-preview":"max-video-preview:-1"},"canonical":"https:\/\/start.oo-software.com\/de\/oodefrag25\/","og_locale":"de_DE","og_type":"article","og_title":"Vielen Dank, dass Sie O&O Defrag 25 installiert haben! - O&amp;O Software","og_description":"Vielen Dank, dass Sie O&amp;O Defrag 25 installiert haben! Wir m\u00f6chten Ihnen in ein paar kurzen Schritten zeigen, wie Sie schnell in die Benutzung von O&amp;O Defrag einsteigen k\u00f6nnen. Was ist O&amp;O Defrag? PCs werden im Laufe ihrer Nutzungszeit durch viele Faktoren langsamer. Der Hauptgrund ist die fragmentierte Speicherung von Dateien auf Festplatten und SSDs. ... Weiterlesen","og_url":"https:\/\/start.oo-software.com\/de\/oodefrag25\/","og_site_name":"O&amp;O Software","article_publisher":"https:\/\/www.facebook.com\/OOSoftware\/","article_modified_time":"2022-10-17T13:46:14+00:00","og_image":[{"url":"https:\/\/start.oo-software.com\/wp-content\/uploads\/ood25_deskband_de.png"}],"twitter_card":"summary_large_image","twitter_site":"@oosoftware","twitter_misc":{"Gesch\u00e4tzte Lesezeit":"8\u00a0Minuten"},"schema":{"@context":"https:\/\/schema.org","@graph":[{"@type":"WebPage","@id":"https:\/\/start.oo-software.com\/de\/oodefrag25\/","url":"https:\/\/start.oo-software.com\/de\/oodefrag25\/","name":"Vielen Dank, dass Sie O&O Defrag 25 installiert haben! - O&amp;O Software","isPartOf":{"@id":"https:\/\/start.oo-software.com\/de\/#website"},"datePublished":"2021-09-17T10:22:29+00:00","dateModified":"2022-10-17T13:46:14+00:00","breadcrumb":{"@id":"https:\/\/start.oo-software.com\/de\/oodefrag25\/#breadcrumb"},"inLanguage":"de","potentialAction":[{"@type":"ReadAction","target":["https:\/\/start.oo-software.com\/de\/oodefrag25\/"]}]},{"@type":"BreadcrumbList","@id":"https:\/\/start.oo-software.com\/de\/oodefrag25\/#breadcrumb","itemListElement":[{"@type":"ListItem","position":1,"name":"Startseite","item":"https:\/\/start.oo-software.com\/de\/"},{"@type":"ListItem","position":2,"name":"Vielen Dank, dass Sie O&#038;O Defrag 25 installiert haben!"}]},{"@type":"WebSite","@id":"https:\/\/start.oo-software.com\/de\/#website","url":"https:\/\/start.oo-software.com\/de\/","name":"PC Migration","description":"Onboarding","publisher":{"@id":"https:\/\/start.oo-software.com\/de\/#organization"},"potentialAction":[{"@type":"SearchAction","target":{"@type":"EntryPoint","urlTemplate":"https:\/\/start.oo-software.com\/de\/?s={search_term_string}"},"query-input":"required name=search_term_string"}],"inLanguage":"de"},{"@type":"Organization","@id":"https:\/\/start.oo-software.com\/de\/#organization","name":"PC Migration - O&O Software GmbH","url":"https:\/\/start.oo-software.com\/de\/","logo":{"@type":"ImageObject","inLanguage":"de","@id":"https:\/\/start.oo-software.com\/de\/#\/schema\/logo\/image\/","url":"https:\/\/start.oo-software.com\/wp-content\/uploads\/2019\/03\/logo_oosoftware-1.png","contentUrl":"https:\/\/start.oo-software.com\/wp-content\/uploads\/2019\/03\/logo_oosoftware-1.png","width":263,"height":36,"caption":"PC Migration - O&O Software GmbH"},"image":{"@id":"https:\/\/start.oo-software.com\/de\/#\/schema\/logo\/image\/"},"sameAs":["https:\/\/de.linkedin.com\/company\/o&amp;amp;o-software-gmbh","https:\/\/www.youtube.com\/user\/oosoftw","https:\/\/www.facebook.com\/OOSoftware\/","https:\/\/twitter.com\/oosoftware"]}]}},"_links":{"self":[{"href":"https:\/\/start.oo-software.com\/de\/wp-json\/wp\/v2\/pages\/809"}],"collection":[{"href":"https:\/\/start.oo-software.com\/de\/wp-json\/wp\/v2\/pages"}],"about":[{"href":"https:\/\/start.oo-software.com\/de\/wp-json\/wp\/v2\/types\/page"}],"author":[{"embeddable":true,"href":"https:\/\/start.oo-software.com\/de\/wp-json\/wp\/v2\/users\/6"}],"replies":[{"embeddable":true,"href":"https:\/\/start.oo-software.com\/de\/wp-json\/wp\/v2\/comments?post=809"}],"version-history":[{"count":9,"href":"https:\/\/start.oo-software.com\/de\/wp-json\/wp\/v2\/pages\/809\/revisions"}],"predecessor-version":[{"id":852,"href":"https:\/\/start.oo-software.com\/de\/wp-json\/wp\/v2\/pages\/809\/revisions\/852"}],"wp:attachment":[{"href":"https:\/\/start.oo-software.com\/de\/wp-json\/wp\/v2\/media?parent=809"}],"curies":[{"name":"wp","href":"https:\/\/api.w.org\/{rel}","templated":true}]}}