{"id":736,"date":"2020-09-28T08:48:58","date_gmt":"2020-09-28T06:48:58","guid":{"rendered":"https:\/\/start.oo-software.com\/?page_id=736"},"modified":"2021-10-27T13:31:59","modified_gmt":"2021-10-27T11:31:59","slug":"oodiskimage16","status":"publish","type":"page","link":"https:\/\/start.oo-software.com\/de\/vielen-dank-dass-sie-oo-diskimage-16-installiert-haben\/","title":{"rendered":"Vielen Dank, dass Sie O&#038;O DiskImage 16 installiert haben!"},"content":{"rendered":"<p><\/p>\n<h1>Vielen Dank, dass Sie O&#038;O DiskImage 16 installiert haben!<\/h1>\n<p>Wir m\u00f6chten Ihnen in ein paar kurzen Schritten zeigen, wie Sie schnell in die Benutzung von O&amp;O DiskImage einsteigen k\u00f6nnen.<\/p>\n<div class=\"lyte-wrapper\" title=\"Erste Schritte mit O&amp;amp;O DiskImage 16\" style=\"width:853px;max-width:100%;margin:5px auto;\"><div class=\"lyMe hidef qsa_\\&amp;showinfo\\=0\" id=\"WYL_VFfPKSdBprU\" itemprop=\"video\" itemscope itemtype=\"https:\/\/schema.org\/VideoObject\"><div><meta itemprop=\"thumbnailUrl\" content=\"https:\/\/start.oo-software.com\/wp-content\/plugins\/wp-youtube-lyte\/lyteCache.php?origThumbUrl=https%3A%2F%2Fi.ytimg.com%2Fvi%2FVFfPKSdBprU%2Fmaxresdefault.jpg\" \/><meta itemprop=\"embedURL\" content=\"https:\/\/www.youtube.com\/embed\/VFfPKSdBprU\" \/><meta itemprop=\"duration\" content=\"PT1M42S\" \/><meta itemprop=\"uploadDate\" content=\"2020-10-29T10:05:54Z\" \/><\/div><div id=\"lyte_VFfPKSdBprU\" data-src=\"https:\/\/start.oo-software.com\/wp-content\/plugins\/wp-youtube-lyte\/lyteCache.php?origThumbUrl=https%3A%2F%2Fi.ytimg.com%2Fvi%2FVFfPKSdBprU%2Fmaxresdefault.jpg\" class=\"pL\"><div class=\"tC hidden\"><div class=\"tT\" itemprop=\"name\">Erste Schritte mit O&amp;O DiskImage 16<\/div><\/div><div class=\"play\"><\/div><div class=\"ctrl\"><div class=\"Lctrl\"><\/div><div class=\"Rctrl\"><\/div><\/div><\/div><noscript><a href=\"https:\/\/youtu.be\/VFfPKSdBprU\" rel=\"nofollow\"><img loading=\"lazy\" decoding=\"async\" src=\"https:\/\/start.oo-software.com\/wp-content\/plugins\/wp-youtube-lyte\/lyteCache.php?origThumbUrl=https%3A%2F%2Fi.ytimg.com%2Fvi%2FVFfPKSdBprU%2F0.jpg\" alt=\"Erste Schritte mit O&amp;amp;O DiskImage 16\" width=\"853\" height=\"460\" \/><br \/>Dieses Video auf YouTube ansehen<\/a><\/noscript><meta itemprop=\"description\" content=\"O&amp;O DiskImage 16: Die Datensicherung f\u00fcr Windows Mit O&amp;O DiskImage 16 k\u00f6nnen Sie schnell und komfortabel eine Datensicherung des ganzen Computers, Ihrer Festplatten und Partitionen erstellen. Auch einzelne Dateien und Verzeichnisse lassen sich einfach als Backup sichern. Oder klonen Sie Ihre Festplatte einfach auf eine Reserve-Festplatte um f\u00fcr alle F\u00e4lle abgesichert zu sein. Selbstverst\u00e4ndlich werden auch SSD (Solid State Disk) Laufwerke, GPT-Datentr\u00e4ger sowie aktuelle UEFI Systemkonfigurationen unterst\u00fctzt. Ein Backup in Form einer Vollsicherung erm\u00f6glicht die Wiederherstellung des gesamten Computers, inklusive des Betriebssystems. Bei Bedarf kann das Backup auch auf Rechner mit anderer Hardware wie der Originalrechner wiederhergestellt werden. NEU: O&amp;O DiskImage 16 mit eigener Wiederherstellungspartition Normalerweise m\u00fcssen Sie mit einem Backup- oder Imaging-Programm ein Startmedium (CD, USB) erstellen, um Ihr System zu starten, wenn etwas schief geht. Dies m\u00fcssen Sie entweder mit sich herumtragen oder an einem sicheren Ort aufbewahren, falls eine Katastrophe eintritt. Durch die Integration in das System kann sofort auf die O&amp;O DiskImage RecoveryPartition zugegriffen werden, so dass direkt die letzte Systemsicherung wiederhergestellt werden kann. Startet das Windows-Betriebssystem nicht oder m\u00fcssen fehlerhafte Treiber deinstalliert werden \u2013 mit der integrierten Widerherstellungsumgebung stehen alle Werkzeuge von O&amp;O zur Verf\u00fcgung, um das System so einfach wie m\u00f6glich wieder lauff\u00e4hig zu machen. Es war noch nie so einfach f\u00fcr die Sicherheit Ihrer Daten zu sorgen! Kostenlos testen: https:\/\/www.oo-software.com\/de\/diskimage-daten-sichern\"><\/div><\/div><div class=\"lL\" style=\"max-width:100%;width:853px;margin:5px auto;\"><\/div>\n<p><\/br><\/p>\n<h3>Was ist O&amp;O DiskImage?<\/h3>\n<p>Mit O&amp;O DiskImage k\u00f6nnen Sie schnell und komfortabel eine Datensicherung des ganzen Computers, Ihrer Festplatten und Partitionen erstellen. Auch einzelne Dateien und Verzeichnisse lassen sich einfach als Backup sichern. Im Fall von Datenverlust stehen Ihnen mit einem mit O&amp;O DiskImage zuvor erstellten Backup Ihre gesicherten Daten mit wenigen Mausklicks schnell wieder zur Verf\u00fcgung \u2013 auch wenn Windows nicht mehr startet.<\/p>\n<h3>Erste Schritte mit O&amp;O DiskImage<\/h3>\n<p>Nach dem ersten Start von O&amp;O DiskImage k\u00f6nnen Sie das Produkt durch einen Klick auf \u201e<strong>Ich m\u00f6chte meine Lizenz eingeben<\/strong>\u201c oder \u201e<strong>Eine Lizenz erwerben<\/strong>\u201c freischalten.<\/p>\n<p>O&amp;O DiskImage bietet eine Vielzahl an Funktionen, die Sie vor Datenverlust sch\u00fctzen k\u00f6nnen. Es empfiehlt sich nach der ersten Installation mit dem Erstellen der O&amp;O DiskImage RecoveryPartition und einer Vollsicherung zu starten um sofort vor Datenverlusten gesch\u00fctzt zu sein. Je nach Gr\u00f6\u00dfe Ihrer Festplatten kann die Sicherung einen Moment in Anspruch nehmen.<\/p>\n<ol>\n<li>Klicken Sie auf der Startseite von O&amp;O DiskImage auf &#8222;<strong>Wiederherstellungsmedium<\/strong>&#8222;.<\/li>\n<li>Falls Sie bereits eine leere Partition angelegt haben, w\u00e4hlen Sie \u201e<strong>Vorhandene Partition verwenden<\/strong>\u201c. Alternativ kann O&amp;O DiskImage die ben\u00f6tigte Partition f\u00fcr Sie anlegen, w\u00e4hlen Sie daf\u00fcr \u201e<strong>Neue Partition anlegen<\/strong>\u201c.<\/li>\n<li>W\u00e4hlen Sie im nun ge\u00f6ffneten Dialog aus dem Dropdown das Laufwerk aus, auf dem die O&amp;O DiskImage RecoveryPartition erstellt werden soll. Im Falle dass Sie eine vorhandene Partition nutzen wollen, w\u00e4hlen Sie aus der Laufwerksliste die gew\u00fcnschte Partition.<\/li>\n<li>Sie k\u00f6nnen die O&amp;O DiskImage RecoveryPartition als Standardsicherungspfad f\u00fcr Ihre zuk\u00fcnftigen Sicherungen verwenden. Wenn Sie diese Option beim Anlegen einer neuen Partition gew\u00e4hlt haben, wird die O&amp;O DiskImage RecoveryPartition m\u00f6glichst gro\u00df angelegt, damit ausreichend Sicherungen Platz finden. Sie k\u00f6nnen im Feld \u201e<strong>Maximale Gr\u00f6\u00dfe<\/strong>\u201c die Gr\u00f6\u00dfe der O&amp;O DiskImage RecoveryPartition ver\u00e4ndern, damit sie Ihren Bed\u00fcrfnissen entspricht.<\/li>\n<li>Durch Klick auf \u201e<strong>Ok<\/strong>\u201c wird ein bootbares Abbild generiert und bereitgestellt. Im Falle eines Fehlers beim Booten des Betriebssystems wird automatisch die O&amp;O DiskImage Bootumgebung gestartet und Sie k\u00f6nnen eine Sicherung wiederherstellen.<\/li>\n<li>Nach Beendigung des Erstellungsvorgangs empfehlen wir die Erstellung einer Voll- oder 1-Klick-Sicherung. Wechseln Sie hierf\u00fcr zum Tab \u201e<strong>Laufwerkssicherung<\/strong>\u201c und f\u00fchren Sie die gew\u00fcnschte Sicherung durch. Falls Sie die O&amp;O DiskImage RecoveryPartition als Standardsicherungspfad gew\u00e4hlt haben, wird die Sicherung direkt dort abgelegt.<\/li>\n<\/ol>\n<figure id=\"attachment_755\" aria-describedby=\"caption-attachment-755\" style=\"width: 864px\" class=\"wp-caption alignnone\"><img loading=\"lazy\" decoding=\"async\" class=\"size-full wp-image-755\" src=\"https:\/\/start.oo-software.com\/wp-content\/uploads\/oodi16_recoverypartition_erstellt.png\" alt=\"\" width=\"874\" height=\"661\" srcset=\"https:\/\/start.oo-software.com\/wp-content\/uploads\/oodi16_recoverypartition_erstellt.png 874w, https:\/\/start.oo-software.com\/wp-content\/uploads\/oodi16_recoverypartition_erstellt-768x581.png 768w\" sizes=\"(max-width: 874px) 100vw, 874px\" \/><figcaption id=\"caption-attachment-755\" class=\"wp-caption-text\">O&amp;O DiskImage RecoveryPartition<\/figcaption><\/figure>\n<p><em>Wir w\u00fcnschen Ihnen viel Spa\u00df mit O&amp;O DiskImage!<\/em><\/p>\n<p>&nbsp;<\/p>\n<h3>Weitere Tipps und Tricks finden Sie auf unserer Produktseite unter:<\/h3>\n<p><a href=\"https:\/\/www.oo-software.com\/de\/diskimage-daten-sichern\">https:\/\/www.oo-software.com\/de\/diskimage-daten-sichern<\/a><\/p>","protected":false},"excerpt":{"rendered":"<p>Vielen Dank, dass Sie O&#038;O DiskImage 16 installiert haben! Wir m\u00f6chten Ihnen in ein paar kurzen Schritten zeigen, wie Sie schnell in die Benutzung von O&amp;O DiskImage einsteigen k\u00f6nnen. Was ist O&amp;O DiskImage? Mit O&amp;O DiskImage k\u00f6nnen Sie schnell und komfortabel eine Datensicherung des ganzen Computers, Ihrer Festplatten und Partitionen erstellen. Auch einzelne Dateien und &#8230; <a title=\"Vielen Dank, dass Sie O&#038;O DiskImage 16 installiert haben!\" class=\"read-more\" href=\"https:\/\/start.oo-software.com\/de\/vielen-dank-dass-sie-oo-diskimage-16-installiert-haben\/\" aria-label=\"Mehr dazu unter Vielen Dank, dass Sie O&#038;O DiskImage 16 installiert haben!\">Weiterlesen<\/a><\/p>\n","protected":false},"author":2,"featured_media":0,"parent":0,"menu_order":0,"comment_status":"closed","ping_status":"closed","template":"","meta":{"footnotes":""},"yoast_head":"<!-- This site is optimized with the Yoast SEO plugin v19.13 - https:\/\/yoast.com\/wordpress\/plugins\/seo\/ -->\n<title>Vielen Dank, dass Sie O&amp;O DiskImage 16 installiert haben! - O&amp;O Software<\/title>\n<meta name=\"robots\" content=\"index, follow, max-snippet:-1, max-image-preview:large, max-video-preview:-1\" \/>\n<link rel=\"canonical\" href=\"https:\/\/start.oo-software.com\/de\/vielen-dank-dass-sie-oo-diskimage-16-installiert-haben\/\" \/>\n<meta property=\"og:locale\" content=\"de_DE\" \/>\n<meta property=\"og:type\" content=\"article\" \/>\n<meta property=\"og:title\" content=\"Vielen Dank, dass Sie O&amp;O DiskImage 16 installiert haben! - O&amp;O Software\" \/>\n<meta property=\"og:description\" content=\"Vielen Dank, dass Sie O&#038;O DiskImage 16 installiert haben! Wir m\u00f6chten Ihnen in ein paar kurzen Schritten zeigen, wie Sie schnell in die Benutzung von O&amp;O DiskImage einsteigen k\u00f6nnen. Was ist O&amp;O DiskImage? Mit O&amp;O DiskImage k\u00f6nnen Sie schnell und komfortabel eine Datensicherung des ganzen Computers, Ihrer Festplatten und Partitionen erstellen. Auch einzelne Dateien und ... Weiterlesen\" \/>\n<meta property=\"og:url\" content=\"https:\/\/start.oo-software.com\/de\/vielen-dank-dass-sie-oo-diskimage-16-installiert-haben\/\" \/>\n<meta property=\"og:site_name\" content=\"O&amp;O Software\" \/>\n<meta property=\"article:publisher\" content=\"https:\/\/www.facebook.com\/OOSoftware\/\" \/>\n<meta property=\"article:modified_time\" content=\"2021-10-27T11:31:59+00:00\" \/>\n<meta property=\"og:image\" content=\"https:\/\/start.oo-software.com\/wp-content\/uploads\/oodi16_recoverypartition_erstellt.png\" \/>\n<meta name=\"twitter:card\" content=\"summary_large_image\" \/>\n<meta name=\"twitter:site\" content=\"@oosoftware\" \/>\n<meta name=\"twitter:label1\" content=\"Gesch\u00e4tzte Lesezeit\" \/>\n\t<meta name=\"twitter:data1\" content=\"5\u00a0Minuten\" \/>\n<script type=\"application\/ld+json\" class=\"yoast-schema-graph\">{\"@context\":\"https:\/\/schema.org\",\"@graph\":[{\"@type\":\"WebPage\",\"@id\":\"https:\/\/start.oo-software.com\/de\/vielen-dank-dass-sie-oo-diskimage-16-installiert-haben\/\",\"url\":\"https:\/\/start.oo-software.com\/de\/vielen-dank-dass-sie-oo-diskimage-16-installiert-haben\/\",\"name\":\"Vielen Dank, dass Sie O&O DiskImage 16 installiert haben! - O&amp;O Software\",\"isPartOf\":{\"@id\":\"https:\/\/start.oo-software.com\/de\/#website\"},\"datePublished\":\"2020-09-28T06:48:58+00:00\",\"dateModified\":\"2021-10-27T11:31:59+00:00\",\"breadcrumb\":{\"@id\":\"https:\/\/start.oo-software.com\/de\/vielen-dank-dass-sie-oo-diskimage-16-installiert-haben\/#breadcrumb\"},\"inLanguage\":\"de\",\"potentialAction\":[{\"@type\":\"ReadAction\",\"target\":[\"https:\/\/start.oo-software.com\/de\/vielen-dank-dass-sie-oo-diskimage-16-installiert-haben\/\"]}]},{\"@type\":\"BreadcrumbList\",\"@id\":\"https:\/\/start.oo-software.com\/de\/vielen-dank-dass-sie-oo-diskimage-16-installiert-haben\/#breadcrumb\",\"itemListElement\":[{\"@type\":\"ListItem\",\"position\":1,\"name\":\"Startseite\",\"item\":\"https:\/\/start.oo-software.com\/de\/\"},{\"@type\":\"ListItem\",\"position\":2,\"name\":\"Vielen Dank, dass Sie O&#038;O DiskImage 16 installiert haben!\"}]},{\"@type\":\"WebSite\",\"@id\":\"https:\/\/start.oo-software.com\/de\/#website\",\"url\":\"https:\/\/start.oo-software.com\/de\/\",\"name\":\"PC Migration\",\"description\":\"Onboarding\",\"publisher\":{\"@id\":\"https:\/\/start.oo-software.com\/de\/#organization\"},\"potentialAction\":[{\"@type\":\"SearchAction\",\"target\":{\"@type\":\"EntryPoint\",\"urlTemplate\":\"https:\/\/start.oo-software.com\/de\/?s={search_term_string}\"},\"query-input\":\"required name=search_term_string\"}],\"inLanguage\":\"de\"},{\"@type\":\"Organization\",\"@id\":\"https:\/\/start.oo-software.com\/de\/#organization\",\"name\":\"PC Migration - O&O Software GmbH\",\"url\":\"https:\/\/start.oo-software.com\/de\/\",\"logo\":{\"@type\":\"ImageObject\",\"inLanguage\":\"de\",\"@id\":\"https:\/\/start.oo-software.com\/de\/#\/schema\/logo\/image\/\",\"url\":\"https:\/\/start.oo-software.com\/wp-content\/uploads\/2019\/03\/logo_oosoftware-1.png\",\"contentUrl\":\"https:\/\/start.oo-software.com\/wp-content\/uploads\/2019\/03\/logo_oosoftware-1.png\",\"width\":263,\"height\":36,\"caption\":\"PC Migration - O&O Software GmbH\"},\"image\":{\"@id\":\"https:\/\/start.oo-software.com\/de\/#\/schema\/logo\/image\/\"},\"sameAs\":[\"https:\/\/de.linkedin.com\/company\/o&amp;amp;o-software-gmbh\",\"https:\/\/www.youtube.com\/user\/oosoftw\",\"https:\/\/www.facebook.com\/OOSoftware\/\",\"https:\/\/twitter.com\/oosoftware\"]}]}<\/script>\n<!-- \/ Yoast SEO plugin. -->","yoast_head_json":{"title":"Vielen Dank, dass Sie O&O DiskImage 16 installiert haben! - O&amp;O Software","robots":{"index":"index","follow":"follow","max-snippet":"max-snippet:-1","max-image-preview":"max-image-preview:large","max-video-preview":"max-video-preview:-1"},"canonical":"https:\/\/start.oo-software.com\/de\/vielen-dank-dass-sie-oo-diskimage-16-installiert-haben\/","og_locale":"de_DE","og_type":"article","og_title":"Vielen Dank, dass Sie O&O DiskImage 16 installiert haben! - O&amp;O Software","og_description":"Vielen Dank, dass Sie O&#038;O DiskImage 16 installiert haben! Wir m\u00f6chten Ihnen in ein paar kurzen Schritten zeigen, wie Sie schnell in die Benutzung von O&amp;O DiskImage einsteigen k\u00f6nnen. Was ist O&amp;O DiskImage? Mit O&amp;O DiskImage k\u00f6nnen Sie schnell und komfortabel eine Datensicherung des ganzen Computers, Ihrer Festplatten und Partitionen erstellen. Auch einzelne Dateien und ... Weiterlesen","og_url":"https:\/\/start.oo-software.com\/de\/vielen-dank-dass-sie-oo-diskimage-16-installiert-haben\/","og_site_name":"O&amp;O Software","article_publisher":"https:\/\/www.facebook.com\/OOSoftware\/","article_modified_time":"2021-10-27T11:31:59+00:00","og_image":[{"url":"https:\/\/start.oo-software.com\/wp-content\/uploads\/oodi16_recoverypartition_erstellt.png"}],"twitter_card":"summary_large_image","twitter_site":"@oosoftware","twitter_misc":{"Gesch\u00e4tzte Lesezeit":"5\u00a0Minuten"},"schema":{"@context":"https:\/\/schema.org","@graph":[{"@type":"WebPage","@id":"https:\/\/start.oo-software.com\/de\/vielen-dank-dass-sie-oo-diskimage-16-installiert-haben\/","url":"https:\/\/start.oo-software.com\/de\/vielen-dank-dass-sie-oo-diskimage-16-installiert-haben\/","name":"Vielen Dank, dass Sie O&O DiskImage 16 installiert haben! - O&amp;O Software","isPartOf":{"@id":"https:\/\/start.oo-software.com\/de\/#website"},"datePublished":"2020-09-28T06:48:58+00:00","dateModified":"2021-10-27T11:31:59+00:00","breadcrumb":{"@id":"https:\/\/start.oo-software.com\/de\/vielen-dank-dass-sie-oo-diskimage-16-installiert-haben\/#breadcrumb"},"inLanguage":"de","potentialAction":[{"@type":"ReadAction","target":["https:\/\/start.oo-software.com\/de\/vielen-dank-dass-sie-oo-diskimage-16-installiert-haben\/"]}]},{"@type":"BreadcrumbList","@id":"https:\/\/start.oo-software.com\/de\/vielen-dank-dass-sie-oo-diskimage-16-installiert-haben\/#breadcrumb","itemListElement":[{"@type":"ListItem","position":1,"name":"Startseite","item":"https:\/\/start.oo-software.com\/de\/"},{"@type":"ListItem","position":2,"name":"Vielen Dank, dass Sie O&#038;O DiskImage 16 installiert haben!"}]},{"@type":"WebSite","@id":"https:\/\/start.oo-software.com\/de\/#website","url":"https:\/\/start.oo-software.com\/de\/","name":"PC Migration","description":"Onboarding","publisher":{"@id":"https:\/\/start.oo-software.com\/de\/#organization"},"potentialAction":[{"@type":"SearchAction","target":{"@type":"EntryPoint","urlTemplate":"https:\/\/start.oo-software.com\/de\/?s={search_term_string}"},"query-input":"required name=search_term_string"}],"inLanguage":"de"},{"@type":"Organization","@id":"https:\/\/start.oo-software.com\/de\/#organization","name":"PC Migration - O&O Software GmbH","url":"https:\/\/start.oo-software.com\/de\/","logo":{"@type":"ImageObject","inLanguage":"de","@id":"https:\/\/start.oo-software.com\/de\/#\/schema\/logo\/image\/","url":"https:\/\/start.oo-software.com\/wp-content\/uploads\/2019\/03\/logo_oosoftware-1.png","contentUrl":"https:\/\/start.oo-software.com\/wp-content\/uploads\/2019\/03\/logo_oosoftware-1.png","width":263,"height":36,"caption":"PC Migration - O&O Software GmbH"},"image":{"@id":"https:\/\/start.oo-software.com\/de\/#\/schema\/logo\/image\/"},"sameAs":["https:\/\/de.linkedin.com\/company\/o&amp;amp;o-software-gmbh","https:\/\/www.youtube.com\/user\/oosoftw","https:\/\/www.facebook.com\/OOSoftware\/","https:\/\/twitter.com\/oosoftware"]}]}},"_links":{"self":[{"href":"https:\/\/start.oo-software.com\/de\/wp-json\/wp\/v2\/pages\/736"}],"collection":[{"href":"https:\/\/start.oo-software.com\/de\/wp-json\/wp\/v2\/pages"}],"about":[{"href":"https:\/\/start.oo-software.com\/de\/wp-json\/wp\/v2\/types\/page"}],"author":[{"embeddable":true,"href":"https:\/\/start.oo-software.com\/de\/wp-json\/wp\/v2\/users\/2"}],"replies":[{"embeddable":true,"href":"https:\/\/start.oo-software.com\/de\/wp-json\/wp\/v2\/comments?post=736"}],"version-history":[{"count":17,"href":"https:\/\/start.oo-software.com\/de\/wp-json\/wp\/v2\/pages\/736\/revisions"}],"predecessor-version":[{"id":826,"href":"https:\/\/start.oo-software.com\/de\/wp-json\/wp\/v2\/pages\/736\/revisions\/826"}],"wp:attachment":[{"href":"https:\/\/start.oo-software.com\/de\/wp-json\/wp\/v2\/media?parent=736"}],"curies":[{"name":"wp","href":"https:\/\/api.w.org\/{rel}","templated":true}]}}