{"id":599,"date":"2019-07-16T16:30:18","date_gmt":"2019-07-16T14:30:18","guid":{"rendered":"https:\/\/start.oo-software.com\/?page_id=599"},"modified":"2019-08-16T09:42:52","modified_gmt":"2019-08-16T07:42:52","slug":"oodiskimage12","status":"publish","type":"page","link":"https:\/\/start.oo-software.com\/de\/oodiskimage12\/","title":{"rendered":"Vielen Dank, dass Sie O&#038;O DiskImage 12 installiert haben!"},"content":{"rendered":"<p><\/p>\n<h1>Vielen Dank, dass Sie O&amp;O DiskImage 12 installiert haben!<\/h1>\n<p>Wir m\u00f6chten Ihnen in ein paar kurzen Schritten zeigen, wie Sie schnell in die Benutzung von O&amp;O DiskImage einsteigen k\u00f6nnen.<\/p>\n<h3>Was ist O&amp;O DiskImage?<\/h3>\n<p>Mit O&amp;O DiskImage k\u00f6nnen Sie schnell und komfortabel eine Datensicherung des ganzen Computers, Ihrer Festplatten und Partitionen erstellen. Auch einzelne Dateien und Verzeichnisse lassen sich einfach als Backup sichern. Im Fall von Datenverlust stehen Ihnen mit einem mit O&amp;O DiskImage zuvor erstellten Backup Ihre gesicherten Daten mit wenigen Mausklicks schnell wieder zur Verf\u00fcgung \u2013 auch wenn Windows nicht mehr startet.<\/p>\n<h3>Erste Schritte mit O&amp;O DiskImage<\/h3>\n<p>Nach dem ersten Start von O&amp;O DiskImage k\u00f6nnen Sie Ihre Lizenz durch einen Klick auf \u201eIch m\u00f6chte meine Lizenz eingeben oder eine Lizenz erwerben.<\/p>\n<p>O&amp;O DiskImage bietet eine Vielzahl an Funktionen, die Sie vor Datenverlust sch\u00fctzen k\u00f6nnen. Es empfiehlt sich nach der ersten Installation mit dem Erstellen des Boot-Mediums und einer Vollsicherung zu starten um sofort vor Datenverlusten gesch\u00fctzt zu sein. Je nach Gr\u00f6\u00dfe Ihrer Festplatten kann die Sicherung einen Moment in Anspruch nehmen.<\/p>\n<h4>Jetzt sichern<\/h4>\n<p>Wir empfehlen Ihnen, Datenverlust vorzubeugen und sich mit nur wenigen Klicks vor Datenverlust zu sch\u00fctzen:<br \/>\n1. Klicken Sie auf <strong>1-Klick-Sicherung starten<\/strong>.<br \/>\n2. \u00dcberpr\u00fcfen Sie im Anschluss bitte den angegebenen Zielpfad f\u00fcr die Sicherung. Wir empfehlen, die\u00a0Sicherungen auf einem externen Laufwerk, z.B. USB-Festplatte zu speichern.<br \/>\n3. Klicken Sie auf <strong>Starten<\/strong>, um mit dem Sicherungsvorgang fortzufahren. Der Vorgang kann, abh\u00e4ngig von der\u00a0Laufwerksgr\u00f6\u00dfe, einige Zeit in Anspruch nehmen.<\/p>\n<h4>Wiederherstellung<\/h4>\n<p>Um Ihren gesamten Rechner oder die Systempartition wiederherzustellen, m\u00fcssen Sie O&amp;O DiskImage von dem\u00a0Bootmedium ausf\u00fchren. Gehen Sie daf\u00fcr wie im Kapitel <strong>Direkt von bootf\u00e4higem Datentr\u00e4ger starten<\/strong> beschrieben vor.<\/p>\n<div class=\"alert alert-success\"><b>Tipp:<\/b><br \/>\nF\u00fcr die Wiederherstellung einer Sicherung auf einen Rechner, der mit anderer Hardware als der\u00a0Originalrechner best\u00fcckt ist, beachten Sie bitte die Hinweise im Kapitel <strong>Wiederherstellung auf abweichender\u00a0Hardware (M.I.R.)<\/strong>.<\/div>\n<ol>\n<li>F\u00fchren Sie O&amp;O DiskImage direkt vom Bootmedium aus.<\/li>\n<li>W\u00e4hlen Sie auf der Startseite von O&amp;O DiskImage <strong>Laufwerkswiederherstellung<\/strong> aus.<\/li>\n<li>Klicken Sie auf<strong> Sicherung w\u00e4hlen<\/strong> im Formularfeld oder navigieren Sie mit der Browser-Schaltfl\u00e4che zu dem Speicherort der Sicherung.<\/li>\n<li>W\u00e4hlen Sie die gew\u00fcnschte Sicherung, die die Systempartition bzw. alle Laufwerke Ihres Rechners enth\u00e4lt, aus und klicken Sie auf <strong>\u00d6ffnen<\/strong>.<\/li>\n<li>Es werden nun alle in der Sicherung enthaltenen Laufwerke in der Laufwerksliste angezeigt.<\/li>\n<li>Aktivieren Sie das Auswahlh\u00e4kchen bei den Laufwerken aus der Sicherung, die Sie wiederherstellen m\u00f6chten. Wenn Sie Ihren gesamten Rechner wiederherstellen m\u00f6chten, aktivieren Sie alle Laufwerke.<\/li>\n<li>W\u00e4hlen Sie im Anschluss Ihr Ziellaufwerk, bzw. Ihren Zieldatentr\u00e4ger, der mit den Daten der Sicherung \u00fcberschrieben werden soll, aus.*<\/li>\n<li>Klicken Sie auf das Symbol Laufwerkswiederherstellung starten, um mit dem Wiederherstellungsprozess zu beginnen.<\/li>\n<li>Nach erfolgreicher Wiederherstellung k\u00f6nnen Sie Ihren Rechner wie gewohnt neu starten.<\/li>\n<\/ol>\n<p>&nbsp;<\/p>\n<p>Selbstverst\u00e4ndlich k\u00f6nnen Sie die Sicherung auch auf einem neuen Rechner wiederherstellen, wenn Sie Ihren alten PC ersetzt haben.<\/p>\n<p><em>Wir w\u00fcnschen Ihnen viel Spa\u00df mit O&amp;O DiskImage!<\/em><\/p>\n<p>Weitere Tipps und Tricks finden Sie auf unserer Produktseite unter:<\/p>\n<p><a href=\"https:\/\/www.oo-software.com\/de\/diskimage-daten-sichern\">https:\/\/www.oo-software.com\/de\/diskimage-daten-sichern<\/a><\/p>","protected":false},"excerpt":{"rendered":"<p>Vielen Dank, dass Sie O&amp;O DiskImage 12 installiert haben! Wir m\u00f6chten Ihnen in ein paar kurzen Schritten zeigen, wie Sie schnell in die Benutzung von O&amp;O DiskImage einsteigen k\u00f6nnen. Was ist O&amp;O DiskImage? Mit O&amp;O DiskImage k\u00f6nnen Sie schnell und komfortabel eine Datensicherung des ganzen Computers, Ihrer Festplatten und Partitionen erstellen. Auch einzelne Dateien und &#8230; <a title=\"Vielen Dank, dass Sie O&#038;O DiskImage 12 installiert haben!\" class=\"read-more\" href=\"https:\/\/start.oo-software.com\/de\/oodiskimage12\/\" aria-label=\"Mehr dazu unter Vielen Dank, dass Sie O&#038;O DiskImage 12 installiert haben!\">Weiterlesen<\/a><\/p>\n","protected":false},"author":2,"featured_media":0,"parent":0,"menu_order":0,"comment_status":"closed","ping_status":"closed","template":"","meta":{"footnotes":""},"yoast_head":"<!-- This site is optimized with the Yoast SEO plugin v19.13 - https:\/\/yoast.com\/wordpress\/plugins\/seo\/ -->\n<title>Vielen Dank, dass Sie O&amp;O DiskImage 12 installiert haben! - O&amp;O Software<\/title>\n<meta name=\"robots\" content=\"index, follow, max-snippet:-1, max-image-preview:large, max-video-preview:-1\" \/>\n<link rel=\"canonical\" href=\"https:\/\/start.oo-software.com\/en\/oodiskimage12\/\" \/>\n<meta property=\"og:locale\" content=\"de_DE\" \/>\n<meta property=\"og:type\" content=\"article\" \/>\n<meta property=\"og:title\" content=\"Vielen Dank, dass Sie O&amp;O DiskImage 12 installiert haben! - O&amp;O Software\" \/>\n<meta property=\"og:description\" content=\"Vielen Dank, dass Sie O&amp;O DiskImage 12 installiert haben! Wir m\u00f6chten Ihnen in ein paar kurzen Schritten zeigen, wie Sie schnell in die Benutzung von O&amp;O DiskImage einsteigen k\u00f6nnen. Was ist O&amp;O DiskImage? Mit O&amp;O DiskImage k\u00f6nnen Sie schnell und komfortabel eine Datensicherung des ganzen Computers, Ihrer Festplatten und Partitionen erstellen. Auch einzelne Dateien und ... Weiterlesen\" \/>\n<meta property=\"og:url\" content=\"https:\/\/start.oo-software.com\/en\/oodiskimage12\/\" \/>\n<meta property=\"og:site_name\" content=\"O&amp;O Software\" \/>\n<meta property=\"article:publisher\" content=\"https:\/\/www.facebook.com\/OOSoftware\/\" \/>\n<meta property=\"article:modified_time\" content=\"2019-08-16T07:42:52+00:00\" \/>\n<meta name=\"twitter:card\" content=\"summary_large_image\" \/>\n<meta name=\"twitter:site\" content=\"@oosoftware\" \/>\n<meta name=\"twitter:label1\" content=\"Gesch\u00e4tzte Lesezeit\" \/>\n\t<meta name=\"twitter:data1\" content=\"5\u00a0Minuten\" \/>\n<script type=\"application\/ld+json\" class=\"yoast-schema-graph\">{\"@context\":\"https:\/\/schema.org\",\"@graph\":[{\"@type\":\"WebPage\",\"@id\":\"https:\/\/start.oo-software.com\/en\/oodiskimage12\/\",\"url\":\"https:\/\/start.oo-software.com\/en\/oodiskimage12\/\",\"name\":\"Vielen Dank, dass Sie O&O DiskImage 12 installiert haben! - O&amp;O Software\",\"isPartOf\":{\"@id\":\"https:\/\/start.oo-software.com\/de\/#website\"},\"datePublished\":\"2019-07-16T14:30:18+00:00\",\"dateModified\":\"2019-08-16T07:42:52+00:00\",\"breadcrumb\":{\"@id\":\"https:\/\/start.oo-software.com\/en\/oodiskimage12\/#breadcrumb\"},\"inLanguage\":\"de\",\"potentialAction\":[{\"@type\":\"ReadAction\",\"target\":[\"https:\/\/start.oo-software.com\/en\/oodiskimage12\/\"]}]},{\"@type\":\"BreadcrumbList\",\"@id\":\"https:\/\/start.oo-software.com\/en\/oodiskimage12\/#breadcrumb\",\"itemListElement\":[{\"@type\":\"ListItem\",\"position\":1,\"name\":\"Startseite\",\"item\":\"https:\/\/start.oo-software.com\/de\/\"},{\"@type\":\"ListItem\",\"position\":2,\"name\":\"Thank you for installing O&#038;O DiskImage 12!\"}]},{\"@type\":\"WebSite\",\"@id\":\"https:\/\/start.oo-software.com\/de\/#website\",\"url\":\"https:\/\/start.oo-software.com\/de\/\",\"name\":\"PC Migration\",\"description\":\"Onboarding\",\"publisher\":{\"@id\":\"https:\/\/start.oo-software.com\/de\/#organization\"},\"potentialAction\":[{\"@type\":\"SearchAction\",\"target\":{\"@type\":\"EntryPoint\",\"urlTemplate\":\"https:\/\/start.oo-software.com\/de\/?s={search_term_string}\"},\"query-input\":\"required name=search_term_string\"}],\"inLanguage\":\"de\"},{\"@type\":\"Organization\",\"@id\":\"https:\/\/start.oo-software.com\/de\/#organization\",\"name\":\"PC Migration - O&O Software GmbH\",\"url\":\"https:\/\/start.oo-software.com\/de\/\",\"logo\":{\"@type\":\"ImageObject\",\"inLanguage\":\"de\",\"@id\":\"https:\/\/start.oo-software.com\/de\/#\/schema\/logo\/image\/\",\"url\":\"https:\/\/start.oo-software.com\/wp-content\/uploads\/2019\/03\/logo_oosoftware-1.png\",\"contentUrl\":\"https:\/\/start.oo-software.com\/wp-content\/uploads\/2019\/03\/logo_oosoftware-1.png\",\"width\":263,\"height\":36,\"caption\":\"PC Migration - O&O Software GmbH\"},\"image\":{\"@id\":\"https:\/\/start.oo-software.com\/de\/#\/schema\/logo\/image\/\"},\"sameAs\":[\"https:\/\/de.linkedin.com\/company\/o&amp;amp;o-software-gmbh\",\"https:\/\/www.youtube.com\/user\/oosoftw\",\"https:\/\/www.facebook.com\/OOSoftware\/\",\"https:\/\/twitter.com\/oosoftware\"]}]}<\/script>\n<!-- \/ Yoast SEO plugin. -->","yoast_head_json":{"title":"Vielen Dank, dass Sie O&O DiskImage 12 installiert haben! - O&amp;O Software","robots":{"index":"index","follow":"follow","max-snippet":"max-snippet:-1","max-image-preview":"max-image-preview:large","max-video-preview":"max-video-preview:-1"},"canonical":"https:\/\/start.oo-software.com\/en\/oodiskimage12\/","og_locale":"de_DE","og_type":"article","og_title":"Vielen Dank, dass Sie O&O DiskImage 12 installiert haben! - O&amp;O Software","og_description":"Vielen Dank, dass Sie O&amp;O DiskImage 12 installiert haben! Wir m\u00f6chten Ihnen in ein paar kurzen Schritten zeigen, wie Sie schnell in die Benutzung von O&amp;O DiskImage einsteigen k\u00f6nnen. Was ist O&amp;O DiskImage? Mit O&amp;O DiskImage k\u00f6nnen Sie schnell und komfortabel eine Datensicherung des ganzen Computers, Ihrer Festplatten und Partitionen erstellen. Auch einzelne Dateien und ... Weiterlesen","og_url":"https:\/\/start.oo-software.com\/en\/oodiskimage12\/","og_site_name":"O&amp;O Software","article_publisher":"https:\/\/www.facebook.com\/OOSoftware\/","article_modified_time":"2019-08-16T07:42:52+00:00","twitter_card":"summary_large_image","twitter_site":"@oosoftware","twitter_misc":{"Gesch\u00e4tzte Lesezeit":"5\u00a0Minuten"},"schema":{"@context":"https:\/\/schema.org","@graph":[{"@type":"WebPage","@id":"https:\/\/start.oo-software.com\/en\/oodiskimage12\/","url":"https:\/\/start.oo-software.com\/en\/oodiskimage12\/","name":"Vielen Dank, dass Sie O&O DiskImage 12 installiert haben! - O&amp;O Software","isPartOf":{"@id":"https:\/\/start.oo-software.com\/de\/#website"},"datePublished":"2019-07-16T14:30:18+00:00","dateModified":"2019-08-16T07:42:52+00:00","breadcrumb":{"@id":"https:\/\/start.oo-software.com\/en\/oodiskimage12\/#breadcrumb"},"inLanguage":"de","potentialAction":[{"@type":"ReadAction","target":["https:\/\/start.oo-software.com\/en\/oodiskimage12\/"]}]},{"@type":"BreadcrumbList","@id":"https:\/\/start.oo-software.com\/en\/oodiskimage12\/#breadcrumb","itemListElement":[{"@type":"ListItem","position":1,"name":"Startseite","item":"https:\/\/start.oo-software.com\/de\/"},{"@type":"ListItem","position":2,"name":"Thank you for installing O&#038;O DiskImage 12!"}]},{"@type":"WebSite","@id":"https:\/\/start.oo-software.com\/de\/#website","url":"https:\/\/start.oo-software.com\/de\/","name":"PC Migration","description":"Onboarding","publisher":{"@id":"https:\/\/start.oo-software.com\/de\/#organization"},"potentialAction":[{"@type":"SearchAction","target":{"@type":"EntryPoint","urlTemplate":"https:\/\/start.oo-software.com\/de\/?s={search_term_string}"},"query-input":"required name=search_term_string"}],"inLanguage":"de"},{"@type":"Organization","@id":"https:\/\/start.oo-software.com\/de\/#organization","name":"PC Migration - O&O Software GmbH","url":"https:\/\/start.oo-software.com\/de\/","logo":{"@type":"ImageObject","inLanguage":"de","@id":"https:\/\/start.oo-software.com\/de\/#\/schema\/logo\/image\/","url":"https:\/\/start.oo-software.com\/wp-content\/uploads\/2019\/03\/logo_oosoftware-1.png","contentUrl":"https:\/\/start.oo-software.com\/wp-content\/uploads\/2019\/03\/logo_oosoftware-1.png","width":263,"height":36,"caption":"PC Migration - O&O Software GmbH"},"image":{"@id":"https:\/\/start.oo-software.com\/de\/#\/schema\/logo\/image\/"},"sameAs":["https:\/\/de.linkedin.com\/company\/o&amp;amp;o-software-gmbh","https:\/\/www.youtube.com\/user\/oosoftw","https:\/\/www.facebook.com\/OOSoftware\/","https:\/\/twitter.com\/oosoftware"]}]}},"_links":{"self":[{"href":"https:\/\/start.oo-software.com\/de\/wp-json\/wp\/v2\/pages\/599"}],"collection":[{"href":"https:\/\/start.oo-software.com\/de\/wp-json\/wp\/v2\/pages"}],"about":[{"href":"https:\/\/start.oo-software.com\/de\/wp-json\/wp\/v2\/types\/page"}],"author":[{"embeddable":true,"href":"https:\/\/start.oo-software.com\/de\/wp-json\/wp\/v2\/users\/2"}],"replies":[{"embeddable":true,"href":"https:\/\/start.oo-software.com\/de\/wp-json\/wp\/v2\/comments?post=599"}],"version-history":[{"count":5,"href":"https:\/\/start.oo-software.com\/de\/wp-json\/wp\/v2\/pages\/599\/revisions"}],"predecessor-version":[{"id":618,"href":"https:\/\/start.oo-software.com\/de\/wp-json\/wp\/v2\/pages\/599\/revisions\/618"}],"wp:attachment":[{"href":"https:\/\/start.oo-software.com\/de\/wp-json\/wp\/v2\/media?parent=599"}],"curies":[{"name":"wp","href":"https:\/\/api.w.org\/{rel}","templated":true}]}}