{"id":561,"date":"2019-07-11T23:14:43","date_gmt":"2019-07-11T21:14:43","guid":{"rendered":"https:\/\/start.oo-software.com\/?page_id=561"},"modified":"2020-10-09T12:25:17","modified_gmt":"2020-10-09T10:25:17","slug":"oodiskimage14","status":"publish","type":"page","link":"https:\/\/start.oo-software.com\/de\/oodiskimage14\/","title":{"rendered":"Vielen Dank, dass Sie O&#038;O DiskImage installiert haben!"},"content":{"rendered":"<p><\/p>\n<h1>Vielen Dank, dass Sie O&amp;O DiskImage installiert haben!<\/h1>\n<p>Wir m\u00f6chten Ihnen in ein paar kurzen Schritten zeigen, wie Sie schnell in die Benutzung von O&amp;O DiskImage einsteigen k\u00f6nnen.<\/p>\n<div class=\"lyte-wrapper\" title=\"Erste Schritte mit O&amp;amp;O DiskImage 14\" style=\"width:853px;max-width:100%;margin:5px auto;\"><div class=\"lyMe hidef qsa_\\&amp;showinfo\\=0\" id=\"WYL_-2gOClwFV_o\" itemprop=\"video\" itemscope itemtype=\"https:\/\/schema.org\/VideoObject\"><div><meta itemprop=\"thumbnailUrl\" content=\"https:\/\/start.oo-software.com\/wp-content\/plugins\/wp-youtube-lyte\/lyteCache.php?origThumbUrl=https%3A%2F%2Fi.ytimg.com%2Fvi%2F-2gOClwFV_o%2Fmaxresdefault.jpg\" \/><meta itemprop=\"embedURL\" content=\"https:\/\/www.youtube.com\/embed\/-2gOClwFV_o\" \/><meta itemprop=\"duration\" content=\"PT2M5S\" \/><meta itemprop=\"uploadDate\" content=\"2019-08-01T08:51:06Z\" \/><\/div><div id=\"lyte_-2gOClwFV_o\" data-src=\"https:\/\/start.oo-software.com\/wp-content\/plugins\/wp-youtube-lyte\/lyteCache.php?origThumbUrl=https%3A%2F%2Fi.ytimg.com%2Fvi%2F-2gOClwFV_o%2Fmaxresdefault.jpg\" class=\"pL\"><div class=\"tC hidden\"><div class=\"tT\" itemprop=\"name\">Erste Schritte mit O&amp;O DiskImage 14<\/div><\/div><div class=\"play\"><\/div><div class=\"ctrl\"><div class=\"Lctrl\"><\/div><div class=\"Rctrl\"><\/div><\/div><\/div><noscript><a href=\"https:\/\/youtu.be\/-2gOClwFV_o\" rel=\"nofollow\"><img loading=\"lazy\" decoding=\"async\" src=\"https:\/\/start.oo-software.com\/wp-content\/plugins\/wp-youtube-lyte\/lyteCache.php?origThumbUrl=https%3A%2F%2Fi.ytimg.com%2Fvi%2F-2gOClwFV_o%2F0.jpg\" alt=\"Erste Schritte mit O&amp;amp;O DiskImage 14\" width=\"853\" height=\"460\" \/><br \/>Dieses Video auf YouTube ansehen<\/a><\/noscript><meta itemprop=\"description\" content=\"Mit O&amp;O DiskImage 14 k\u00f6nnen Sie schnell und komfortabel eine Datensicherung des ganzen Computers, Ihrer Festplatten und Partitionen erstellen. Auch einzelne Dateien und Verzeichnisse lassen sich einfach als Backup sichern. Oder klonen Sie Ihre Festplatte einfach auf eine Reserve-Festplatte um f\u00fcr alle F\u00e4lle abgesichert zu sein. Selbstverst\u00e4ndlich werden auch SSD (Solid State Disk) Laufwerke, GPT-Datentr\u00e4ger sowie aktuelle UEFI Systemkonfigurationen unterst\u00fctzt. Ein Backup in Form einer Vollsicherung erm\u00f6glicht die Wiederherstellung des gesamten Computers, inklusive des Betriebssystems. Bei Bedarf kann das Backup auch auf Rechner mit anderer Hardware wie der Originalrechner wiederhergestellt werden. Es war noch nie so einfach f\u00fcr die Sicherheit Ihrer Daten zu sorgen! \u00dcberzeugen Sie sich selbst: https:\/\/www.oo-software.com\/de\/diskimage-daten-sichern\"><\/div><\/div><div class=\"lL\" style=\"max-width:100%;width:853px;margin:5px auto;\"><\/div>\n<p>&nbsp;<\/p>\n<h3>Was ist O&amp;O DiskImage?<\/h3>\n<p>Mit O&amp;O DiskImage k\u00f6nnen Sie schnell und komfortabel eine Datensicherung des ganzen Computers, Ihrer Festplatten und Partitionen erstellen. Auch einzelne Dateien und Verzeichnisse lassen sich einfach als Backup sichern. Im Fall von Datenverlust stehen Ihnen mit einem mit O&amp;O DiskImage zuvor erstellten Backup Ihre gesicherten Daten mit wenigen Mausklicks schnell wieder zur Verf\u00fcgung \u2013 auch wenn Windows nicht mehr startet.<\/p>\n<h3>Erste Schritte mit O&amp;O DiskImage<\/h3>\n<p>Nach dem ersten Start von O&amp;O DiskImage k\u00f6nnen Sie Ihre Lizenz durch einen Klick auf \u201eIch m\u00f6chte meine Lizenz eingeben oder eine Lizenz erwerben.<\/p>\n<p>O&amp;O DiskImage bietet eine Vielzahl an Funktionen, die Sie vor Datenverlust sch\u00fctzen k\u00f6nnen. Es empfiehlt sich nach der ersten Installation mit dem Erstellen des Boot-Mediums und einer Vollsicherung zu starten um sofort vor Datenverlusten gesch\u00fctzt zu sein. Je nach Gr\u00f6\u00dfe Ihrer Festplatten kann die Sicherung einen Moment in Anspruch nehmen.<\/p>\n<h4>Klicken Sie auf der Startseite von O&amp;O DiskImage auf \u201eO&#038;O DiskImage To Go\u201c.<\/h4>\n<p>Stecken Sie den gew\u00fcnschten Wechseldatentr\u00e4ger an Ihren Rechner an und w\u00e4hlen Sie ihn im n\u00e4chsten Fenster aus. Die Checkboxen zur Erstellung einer Sicherungsaufgabe f\u00fcr O&#038;O DiskImage To Go sind bereits vorausgew\u00e4hlt. Folgen Sie nun bitte den weiteren Anweisungen zur Erstellung Ihres Boot- und Sicherungsmediums.<\/p>\n<p>Nach Abschluss der Einrichtung, wird bei jedem erneuten Anstecken des O&#038;O DiskImage To Go Boot- und Sicherungsmediums automatisch eine neue Komplettsicherung erzeugt.<\/p>\n<h4>Wiederherstellung<\/h4>\n<p>Schlie\u00dfen Sie das O&#038;O DiskImage To Go Boot- und Sicherungsmedium, auf dem sich die wiederherzustellende Sicherung befindet, an Ihren Rechner an. Starten Sie den Rechner mit dem O&#038;O DiskImage To Go Boot- und Sicherungsmedium (gegebenenfalls m\u00fcssen Sie im BIOS die Startreihenfolge \u00e4ndern, um vom externen Boot- und Sicherungsmedium starten zu k\u00f6nnen; konsultieren dazu bitte die Bedienungsanleitung Ihres Rechners\/Mainboards).<\/p>\n<p>Auf dem sich \u00f6ffnenden Bootmedium-Startbildschirm klicken Sie bitte das Icon &#8222;O&#038;O DiskImage To Go&#8220; an. O&amp;O DiskImage erkennt automatisch die Sicherung auf dem angeschlossenen O&#038;O DiskImage To Go Boot- und Sicherungsmedium und bietet Ihnen an, diese Sicherung zur\u00fcckzuspielen. Folgen Sie bitte einfach der Anweisung in O&amp;O DiskImage, um innerhalb k\u00fcrzester Zeit die Sicherung auf Ihrem Rechner wiederherzustellen.<\/p>\n<p>Selbstverst\u00e4ndlich k\u00f6nnen Sie die Sicherung auch auf einem neuen Rechner wiederherstellen, wenn Sie Ihren alten PC ersetzt haben.<\/p>\n<p><em>Wir w\u00fcnschen Ihnen viel Spa\u00df mit O&amp;O DiskImage!<\/em><\/p>\n<p>Weitere Tipps und Tricks finden Sie auf unserer Produktseite unter:<\/p>\n<p><a href=\"https:\/\/www.oo-software.com\/de\/diskimage-daten-sichern\">https:\/\/www.oo-software.com\/de\/diskimage-daten-sichern<\/a><\/p>","protected":false},"excerpt":{"rendered":"<p>Vielen Dank, dass Sie O&amp;O DiskImage installiert haben! Wir m\u00f6chten Ihnen in ein paar kurzen Schritten zeigen, wie Sie schnell in die Benutzung von O&amp;O DiskImage einsteigen k\u00f6nnen. &nbsp; Was ist O&amp;O DiskImage? Mit O&amp;O DiskImage k\u00f6nnen Sie schnell und komfortabel eine Datensicherung des ganzen Computers, Ihrer Festplatten und Partitionen erstellen. Auch einzelne Dateien und &#8230; <a title=\"Vielen Dank, dass Sie O&#038;O DiskImage installiert haben!\" class=\"read-more\" href=\"https:\/\/start.oo-software.com\/de\/oodiskimage14\/\" aria-label=\"Mehr dazu unter Vielen Dank, dass Sie O&#038;O DiskImage installiert haben!\">Weiterlesen<\/a><\/p>\n","protected":false},"author":2,"featured_media":0,"parent":0,"menu_order":0,"comment_status":"closed","ping_status":"closed","template":"","meta":{"footnotes":""},"yoast_head":"<!-- This site is optimized with the Yoast SEO plugin v19.13 - https:\/\/yoast.com\/wordpress\/plugins\/seo\/ -->\n<title>Vielen Dank, dass Sie O&amp;O DiskImage installiert haben! - O&amp;O Software<\/title>\n<meta name=\"robots\" content=\"index, follow, max-snippet:-1, max-image-preview:large, max-video-preview:-1\" \/>\n<link rel=\"canonical\" href=\"https:\/\/start.oo-software.com\/en\/oodiskimage14\/\" \/>\n<meta property=\"og:locale\" content=\"de_DE\" \/>\n<meta property=\"og:type\" content=\"article\" \/>\n<meta property=\"og:title\" content=\"Vielen Dank, dass Sie O&amp;O DiskImage installiert haben! - O&amp;O Software\" \/>\n<meta property=\"og:description\" content=\"Vielen Dank, dass Sie O&amp;O DiskImage installiert haben! Wir m\u00f6chten Ihnen in ein paar kurzen Schritten zeigen, wie Sie schnell in die Benutzung von O&amp;O DiskImage einsteigen k\u00f6nnen. &nbsp; Was ist O&amp;O DiskImage? Mit O&amp;O DiskImage k\u00f6nnen Sie schnell und komfortabel eine Datensicherung des ganzen Computers, Ihrer Festplatten und Partitionen erstellen. Auch einzelne Dateien und ... Weiterlesen\" \/>\n<meta property=\"og:url\" content=\"https:\/\/start.oo-software.com\/en\/oodiskimage14\/\" \/>\n<meta property=\"og:site_name\" content=\"O&amp;O Software\" \/>\n<meta property=\"article:publisher\" content=\"https:\/\/www.facebook.com\/OOSoftware\/\" \/>\n<meta property=\"article:modified_time\" content=\"2020-10-09T10:25:17+00:00\" \/>\n<meta name=\"twitter:card\" content=\"summary_large_image\" \/>\n<meta name=\"twitter:site\" content=\"@oosoftware\" \/>\n<meta name=\"twitter:label1\" content=\"Gesch\u00e4tzte Lesezeit\" \/>\n\t<meta name=\"twitter:data1\" content=\"5\u00a0Minuten\" \/>\n<script type=\"application\/ld+json\" class=\"yoast-schema-graph\">{\"@context\":\"https:\/\/schema.org\",\"@graph\":[{\"@type\":\"WebPage\",\"@id\":\"https:\/\/start.oo-software.com\/en\/oodiskimage14\/\",\"url\":\"https:\/\/start.oo-software.com\/en\/oodiskimage14\/\",\"name\":\"Vielen Dank, dass Sie O&O DiskImage installiert haben! - O&amp;O Software\",\"isPartOf\":{\"@id\":\"https:\/\/start.oo-software.com\/de\/#website\"},\"datePublished\":\"2019-07-11T21:14:43+00:00\",\"dateModified\":\"2020-10-09T10:25:17+00:00\",\"breadcrumb\":{\"@id\":\"https:\/\/start.oo-software.com\/en\/oodiskimage14\/#breadcrumb\"},\"inLanguage\":\"de\",\"potentialAction\":[{\"@type\":\"ReadAction\",\"target\":[\"https:\/\/start.oo-software.com\/en\/oodiskimage14\/\"]}]},{\"@type\":\"BreadcrumbList\",\"@id\":\"https:\/\/start.oo-software.com\/en\/oodiskimage14\/#breadcrumb\",\"itemListElement\":[{\"@type\":\"ListItem\",\"position\":1,\"name\":\"Startseite\",\"item\":\"https:\/\/start.oo-software.com\/de\/\"},{\"@type\":\"ListItem\",\"position\":2,\"name\":\"Thank you for installing O&#038;O DiskImage!\"}]},{\"@type\":\"WebSite\",\"@id\":\"https:\/\/start.oo-software.com\/de\/#website\",\"url\":\"https:\/\/start.oo-software.com\/de\/\",\"name\":\"PC Migration\",\"description\":\"Onboarding\",\"publisher\":{\"@id\":\"https:\/\/start.oo-software.com\/de\/#organization\"},\"potentialAction\":[{\"@type\":\"SearchAction\",\"target\":{\"@type\":\"EntryPoint\",\"urlTemplate\":\"https:\/\/start.oo-software.com\/de\/?s={search_term_string}\"},\"query-input\":\"required name=search_term_string\"}],\"inLanguage\":\"de\"},{\"@type\":\"Organization\",\"@id\":\"https:\/\/start.oo-software.com\/de\/#organization\",\"name\":\"PC Migration - O&O Software GmbH\",\"url\":\"https:\/\/start.oo-software.com\/de\/\",\"logo\":{\"@type\":\"ImageObject\",\"inLanguage\":\"de\",\"@id\":\"https:\/\/start.oo-software.com\/de\/#\/schema\/logo\/image\/\",\"url\":\"https:\/\/start.oo-software.com\/wp-content\/uploads\/2019\/03\/logo_oosoftware-1.png\",\"contentUrl\":\"https:\/\/start.oo-software.com\/wp-content\/uploads\/2019\/03\/logo_oosoftware-1.png\",\"width\":263,\"height\":36,\"caption\":\"PC Migration - O&O Software GmbH\"},\"image\":{\"@id\":\"https:\/\/start.oo-software.com\/de\/#\/schema\/logo\/image\/\"},\"sameAs\":[\"https:\/\/de.linkedin.com\/company\/o&amp;amp;o-software-gmbh\",\"https:\/\/www.youtube.com\/user\/oosoftw\",\"https:\/\/www.facebook.com\/OOSoftware\/\",\"https:\/\/twitter.com\/oosoftware\"]}]}<\/script>\n<!-- \/ Yoast SEO plugin. -->","yoast_head_json":{"title":"Vielen Dank, dass Sie O&O DiskImage installiert haben! - O&amp;O Software","robots":{"index":"index","follow":"follow","max-snippet":"max-snippet:-1","max-image-preview":"max-image-preview:large","max-video-preview":"max-video-preview:-1"},"canonical":"https:\/\/start.oo-software.com\/en\/oodiskimage14\/","og_locale":"de_DE","og_type":"article","og_title":"Vielen Dank, dass Sie O&O DiskImage installiert haben! - O&amp;O Software","og_description":"Vielen Dank, dass Sie O&amp;O DiskImage installiert haben! Wir m\u00f6chten Ihnen in ein paar kurzen Schritten zeigen, wie Sie schnell in die Benutzung von O&amp;O DiskImage einsteigen k\u00f6nnen. &nbsp; Was ist O&amp;O DiskImage? Mit O&amp;O DiskImage k\u00f6nnen Sie schnell und komfortabel eine Datensicherung des ganzen Computers, Ihrer Festplatten und Partitionen erstellen. Auch einzelne Dateien und ... Weiterlesen","og_url":"https:\/\/start.oo-software.com\/en\/oodiskimage14\/","og_site_name":"O&amp;O Software","article_publisher":"https:\/\/www.facebook.com\/OOSoftware\/","article_modified_time":"2020-10-09T10:25:17+00:00","twitter_card":"summary_large_image","twitter_site":"@oosoftware","twitter_misc":{"Gesch\u00e4tzte Lesezeit":"5\u00a0Minuten"},"schema":{"@context":"https:\/\/schema.org","@graph":[{"@type":"WebPage","@id":"https:\/\/start.oo-software.com\/en\/oodiskimage14\/","url":"https:\/\/start.oo-software.com\/en\/oodiskimage14\/","name":"Vielen Dank, dass Sie O&O DiskImage installiert haben! - O&amp;O Software","isPartOf":{"@id":"https:\/\/start.oo-software.com\/de\/#website"},"datePublished":"2019-07-11T21:14:43+00:00","dateModified":"2020-10-09T10:25:17+00:00","breadcrumb":{"@id":"https:\/\/start.oo-software.com\/en\/oodiskimage14\/#breadcrumb"},"inLanguage":"de","potentialAction":[{"@type":"ReadAction","target":["https:\/\/start.oo-software.com\/en\/oodiskimage14\/"]}]},{"@type":"BreadcrumbList","@id":"https:\/\/start.oo-software.com\/en\/oodiskimage14\/#breadcrumb","itemListElement":[{"@type":"ListItem","position":1,"name":"Startseite","item":"https:\/\/start.oo-software.com\/de\/"},{"@type":"ListItem","position":2,"name":"Thank you for installing O&#038;O DiskImage!"}]},{"@type":"WebSite","@id":"https:\/\/start.oo-software.com\/de\/#website","url":"https:\/\/start.oo-software.com\/de\/","name":"PC Migration","description":"Onboarding","publisher":{"@id":"https:\/\/start.oo-software.com\/de\/#organization"},"potentialAction":[{"@type":"SearchAction","target":{"@type":"EntryPoint","urlTemplate":"https:\/\/start.oo-software.com\/de\/?s={search_term_string}"},"query-input":"required name=search_term_string"}],"inLanguage":"de"},{"@type":"Organization","@id":"https:\/\/start.oo-software.com\/de\/#organization","name":"PC Migration - O&O Software GmbH","url":"https:\/\/start.oo-software.com\/de\/","logo":{"@type":"ImageObject","inLanguage":"de","@id":"https:\/\/start.oo-software.com\/de\/#\/schema\/logo\/image\/","url":"https:\/\/start.oo-software.com\/wp-content\/uploads\/2019\/03\/logo_oosoftware-1.png","contentUrl":"https:\/\/start.oo-software.com\/wp-content\/uploads\/2019\/03\/logo_oosoftware-1.png","width":263,"height":36,"caption":"PC Migration - O&O Software GmbH"},"image":{"@id":"https:\/\/start.oo-software.com\/de\/#\/schema\/logo\/image\/"},"sameAs":["https:\/\/de.linkedin.com\/company\/o&amp;amp;o-software-gmbh","https:\/\/www.youtube.com\/user\/oosoftw","https:\/\/www.facebook.com\/OOSoftware\/","https:\/\/twitter.com\/oosoftware"]}]}},"_links":{"self":[{"href":"https:\/\/start.oo-software.com\/de\/wp-json\/wp\/v2\/pages\/561"}],"collection":[{"href":"https:\/\/start.oo-software.com\/de\/wp-json\/wp\/v2\/pages"}],"about":[{"href":"https:\/\/start.oo-software.com\/de\/wp-json\/wp\/v2\/types\/page"}],"author":[{"embeddable":true,"href":"https:\/\/start.oo-software.com\/de\/wp-json\/wp\/v2\/users\/2"}],"replies":[{"embeddable":true,"href":"https:\/\/start.oo-software.com\/de\/wp-json\/wp\/v2\/comments?post=561"}],"version-history":[{"count":11,"href":"https:\/\/start.oo-software.com\/de\/wp-json\/wp\/v2\/pages\/561\/revisions"}],"predecessor-version":[{"id":744,"href":"https:\/\/start.oo-software.com\/de\/wp-json\/wp\/v2\/pages\/561\/revisions\/744"}],"wp:attachment":[{"href":"https:\/\/start.oo-software.com\/de\/wp-json\/wp\/v2\/media?parent=561"}],"curies":[{"name":"wp","href":"https:\/\/api.w.org\/{rel}","templated":true}]}}