{"id":549,"date":"2019-07-11T14:24:28","date_gmt":"2019-07-11T12:24:28","guid":{"rendered":"https:\/\/start.oo-software.com\/?page_id=549"},"modified":"2019-09-04T09:52:05","modified_gmt":"2019-09-04T07:52:05","slug":"oodefrag22","status":"publish","type":"page","link":"https:\/\/start.oo-software.com\/de\/oodefrag22\/","title":{"rendered":"Vielen Dank, dass Sie O&#038;O Defrag 22 installiert haben!"},"content":{"rendered":"<p><\/p>\n<h1>Vielen Dank, dass Sie O&amp;O Defrag 22 installiert haben!<\/h1>\n<p>Wir m\u00f6chten Ihnen in ein paar kurzen Schritten zeigen, wie Sie schnell in die Benutzung von O&amp;O Defrag einsteigen k\u00f6nnen.<\/p>\n<div class=\"lyte-wrapper\" title=\"Erste Schritte mit O&amp;amp;O Defrag 22\" style=\"width:853px;max-width:100%;margin:5px auto;\"><div class=\"lyMe hidef qsa_\\&amp;showinfo\\=0\" id=\"WYL_jksHZhIEAd4\" itemprop=\"video\" itemscope itemtype=\"https:\/\/schema.org\/VideoObject\"><div><meta itemprop=\"thumbnailUrl\" content=\"https:\/\/start.oo-software.com\/wp-content\/plugins\/wp-youtube-lyte\/lyteCache.php?origThumbUrl=https%3A%2F%2Fi.ytimg.com%2Fvi%2FjksHZhIEAd4%2Fmaxresdefault.jpg\" \/><meta itemprop=\"embedURL\" content=\"https:\/\/www.youtube.com\/embed\/jksHZhIEAd4\" \/><meta itemprop=\"duration\" content=\"PT2M5S\" \/><meta itemprop=\"uploadDate\" content=\"2019-08-02T12:17:28Z\" \/><\/div><div id=\"lyte_jksHZhIEAd4\" data-src=\"https:\/\/start.oo-software.com\/wp-content\/plugins\/wp-youtube-lyte\/lyteCache.php?origThumbUrl=https%3A%2F%2Fi.ytimg.com%2Fvi%2FjksHZhIEAd4%2Fmaxresdefault.jpg\" class=\"pL\"><div class=\"tC hidden\"><div class=\"tT\" itemprop=\"name\">Erste Schritte mit O&amp;O Defrag 22<\/div><\/div><div class=\"play\"><\/div><div class=\"ctrl\"><div class=\"Lctrl\"><\/div><div class=\"Rctrl\"><\/div><\/div><\/div><noscript><a href=\"https:\/\/youtu.be\/jksHZhIEAd4\" rel=\"nofollow\"><img loading=\"lazy\" decoding=\"async\" src=\"https:\/\/start.oo-software.com\/wp-content\/plugins\/wp-youtube-lyte\/lyteCache.php?origThumbUrl=https%3A%2F%2Fi.ytimg.com%2Fvi%2FjksHZhIEAd4%2F0.jpg\" alt=\"Erste Schritte mit O&amp;amp;O Defrag 22\" width=\"853\" height=\"460\" \/><br \/>Dieses Video auf YouTube ansehen<\/a><\/noscript><meta itemprop=\"description\" content=\"PCs werden im Laufe ihrer Nutzungszeit durch viele Faktoren langsamer. Der Hauptgrund ist die fragmentierte Speicherung von Dateien auf Festplatten und SSDs. Das neue O&amp;O Defrag 22 nimmt sich dieses Problems an und sorgt f\u00fcr einen deutlichen Geschwindigkeitszuwachs, eine verl\u00e4ngerte Lebensdauer und komfortableres Arbeiten am PC. Defragmentieren Sie Ihre Festplatten und \u2013 jetzt neu \u2013 SSDs mit O&amp;O Defrag 22, um dem wirkungsvoll vorzubeugen und Ihre Arbeit am PC wieder zu beschleunigen. Beim Defragmentieren werden Dateifragmente auf der Festplatte oder SSD logisch neu angeordnet, so dass Dateien wieder schneller von der Hardware erkannt und verarbeitet werden k\u00f6nnen. Zus\u00e4tzlich wird f\u00fcr O&amp;O Defrag-Nutzer O&amp;O DiskStat als eigenst\u00e4ndige Anwendung zum Auffinden und Entfernen von gro\u00dfen und unn\u00f6tigen Dateien kostenlos zur Verf\u00fcgung gestellt, um im Falle von Speicherknappheit mit wenigen Klicks aufr\u00e4umen zu k\u00f6nnen. Jetzt erleben: https:\/\/www.oo-software.com\/de\/products\/oodefrag\"><\/div><\/div><div class=\"lL\" style=\"max-width:100%;width:853px;margin:5px auto;\"><\/div>\n<p>&nbsp;<\/p>\n<h3>Was ist O&amp;O Defrag?<\/h3>\n<p>PCs werden im Laufe ihrer Nutzungszeit durch viele Faktoren langsamer. Der Hauptgrund ist die fragmentierte Speicherung von Dateien auf Festplatten und SSDs. Beim Defragmentieren werden Dateifragmente auf der Festplatte oder SSD logisch neu angeordnet, so dass Dateien wieder schneller von der Hardware erkannt und verarbeitet werden k\u00f6nnen. Das spart Ihnen Zeit und Geld!<\/p>\n<h3>Erste Schritte mit O&amp;O Defrag<\/h3>\n<p>Nach dem ersten Start von O&amp;O Defrag k\u00f6nnen Sie Ihre Lizenz durch einen Klick auf \u201eIch m\u00f6chte meine Lizenz eingeben oder eine Lizenz erwerben\u201c.<\/p>\n<h3>Analyse Ihrer Laufwerke<\/h3>\n<p>Durch die Analyse Ihrer Festplatten erhalten Sie eine \u00dcbersicht, wie Dateien auf einem Laufwerk angeordnet und wie stark diese fragmentiert sind:<\/p>\n<ol>\n<li>W\u00e4hlen Sie das zu analysierende Laufwerk in der Laufwerksliste aus.<\/li>\n<li>Starten Sie die Analyse \u00fcber die Multifunktionsleiste oder aus dem Kontextmen\u00fc heraus.<\/li>\n<li>Die Analyse kann, abh\u00e4ngig von der Gr\u00f6\u00dfe des Laufwerks, einige Zeit in Anspruch nehmen. Sie erkennen den Analysevorgang an dem Laufwerkssymbol und der Fortschrittsanzeige.<\/li>\n<li>Nach Abschluss der Analyse k\u00f6nnen Sie sich einen umfassenden Statusbericht als HTML-Dokument in Ihrem Internet-Browser anzeigen lassen.<\/li>\n<\/ol>\n<p><img loading=\"lazy\" decoding=\"async\" class=\"size-full wp-image-552 aligncenter\" src=\"https:\/\/start.oo-software.com\/wp-content\/uploads\/ood22_analyse.png\" alt=\"O&amp;O Defrag 22 Analyse\" width=\"992\" height=\"670\" srcset=\"https:\/\/start.oo-software.com\/wp-content\/uploads\/ood22_analyse.png 992w, https:\/\/start.oo-software.com\/wp-content\/uploads\/ood22_analyse-768x519.png 768w\" sizes=\"(max-width: 992px) 100vw, 992px\" \/><\/p>\n<p>Sie k\u00f6nnen auch mehrere Laufwerke gleichzeitig analysieren. Halten Sie hierf\u00fcr bei der Laufwerkswahl die Strg-Taste gedr\u00fcckt und markieren Sie die Laufwerke.<\/p>\n<h3>Defragmentierung Ihrer Laufwerke<\/h3>\n<p>Mit O&amp;O Defrag k\u00f6nnen Sie mit wenigen Mausklicks sowohl einzelne Laufwerke als auch Ihren gesamten Rechner defragmentieren. In der Regel dauert die erste Defragmentierung am l\u00e4ngsten, denn O&amp;O Defrag muss Ihr System komplett \u00fcberpr\u00fcfen und s\u00e4mtliche Dateien an ihre optimale Positionen bringen. Wir empfehlen deshalb die erste Defragmentierung mit der STEALTH- oder SPACE-Methode durchzuf\u00fchren. Einzelne Laufwerke defragmentieren:<\/p>\n<ol>\n<li>W\u00e4hlen Sie das zu defragmentierende Laufwerk aus der Laufwerksliste aus.<\/li>\n<li>Wenn Sie auf die Start-Schaltfl\u00e4che in der Multifunktionsleiste klicken, startet Die Defragmentierung mit der standardm\u00e4\u00dfig eingestellten OPTIMIZE-Methode. Wenn Sie die Methode \u00e4ndern m\u00f6chten, \u00f6ffnen Sie bitte zuerst das Untermen\u00fc der Start-Schaltfl\u00e4che und w\u00e4hlen Ihre gew\u00fcnschte Methode aus.<\/li>\n<li>Die Defragmentierung kann, abh\u00e4ngig von der Gr\u00f6\u00dfe Ihres Datenbestandes, mehrere Stunden dauern. Sie erkennen einen laufenden Defragmentierungsvorgang an dem Laufwerkssymbol und der Fortschrittsanzeige.<\/li>\n<\/ol>\n<p><img loading=\"lazy\" decoding=\"async\" class=\"size-full wp-image-553 aligncenter\" src=\"https:\/\/start.oo-software.com\/wp-content\/uploads\/ood22_start_defragmentierung.png\" alt=\"O&amp;O Defrag 22 - Defragmentierung starten\" width=\"992\" height=\"670\" srcset=\"https:\/\/start.oo-software.com\/wp-content\/uploads\/ood22_start_defragmentierung.png 992w, https:\/\/start.oo-software.com\/wp-content\/uploads\/ood22_start_defragmentierung-768x519.png 768w\" sizes=\"(max-width: 992px) 100vw, 992px\" \/><\/p>\n<p>Nach Abschluss der Defragmentierung k\u00f6nnen Sie sich einen umfassenden Statusbericht in Ihrem Internet-Browser anzeigen lassen!<\/p>\n<p>&nbsp;<\/p>\n<p><em>Wir w\u00fcnschen Ihnen viel Spa\u00df mit O&amp;O Defrag!<\/em><\/p>\n<p>Weitere Tipps und Tricks finden Sie auf unserer Produktseite unter:<\/p>\n<p><a href=\"https:\/\/www.oo-software.com\/de\/products\/oodefrag\">https:\/\/www.oo-software.com\/de\/products\/oodefrag<\/a><\/p>\n<p>&nbsp;<\/p>\n<p>&nbsp;<\/p>\n<p>&nbsp;<\/p>\n<p>&nbsp;<\/p>\n<p>&nbsp;<\/p>\n<p>&nbsp;<\/p>\n<p>&nbsp;<\/p>","protected":false},"excerpt":{"rendered":"<p>Vielen Dank, dass Sie O&amp;O Defrag 22 installiert haben! Wir m\u00f6chten Ihnen in ein paar kurzen Schritten zeigen, wie Sie schnell in die Benutzung von O&amp;O Defrag einsteigen k\u00f6nnen. &nbsp; Was ist O&amp;O Defrag? PCs werden im Laufe ihrer Nutzungszeit durch viele Faktoren langsamer. Der Hauptgrund ist die fragmentierte Speicherung von Dateien auf Festplatten und &#8230; <a title=\"Vielen Dank, dass Sie O&#038;O Defrag 22 installiert haben!\" class=\"read-more\" href=\"https:\/\/start.oo-software.com\/de\/oodefrag22\/\" aria-label=\"Mehr dazu unter Vielen Dank, dass Sie O&#038;O Defrag 22 installiert haben!\">Weiterlesen<\/a><\/p>\n","protected":false},"author":2,"featured_media":0,"parent":0,"menu_order":0,"comment_status":"closed","ping_status":"closed","template":"","meta":{"footnotes":""},"yoast_head":"<!-- This site is optimized with the Yoast SEO plugin v19.13 - https:\/\/yoast.com\/wordpress\/plugins\/seo\/ -->\n<title>Vielen Dank, dass Sie O&amp;O Defrag 22 installiert haben! - O&amp;O Software<\/title>\n<meta name=\"robots\" content=\"index, follow, max-snippet:-1, max-image-preview:large, max-video-preview:-1\" \/>\n<link rel=\"canonical\" href=\"https:\/\/start.oo-software.com\/de\/oodefrag22\/\" \/>\n<meta property=\"og:locale\" content=\"de_DE\" \/>\n<meta property=\"og:type\" content=\"article\" \/>\n<meta property=\"og:title\" content=\"Vielen Dank, dass Sie O&amp;O Defrag 22 installiert haben! - O&amp;O Software\" \/>\n<meta property=\"og:description\" content=\"Vielen Dank, dass Sie O&amp;O Defrag 22 installiert haben! Wir m\u00f6chten Ihnen in ein paar kurzen Schritten zeigen, wie Sie schnell in die Benutzung von O&amp;O Defrag einsteigen k\u00f6nnen. &nbsp; Was ist O&amp;O Defrag? PCs werden im Laufe ihrer Nutzungszeit durch viele Faktoren langsamer. Der Hauptgrund ist die fragmentierte Speicherung von Dateien auf Festplatten und ... Weiterlesen\" \/>\n<meta property=\"og:url\" content=\"https:\/\/start.oo-software.com\/de\/oodefrag22\/\" \/>\n<meta property=\"og:site_name\" content=\"O&amp;O Software\" \/>\n<meta property=\"article:publisher\" content=\"https:\/\/www.facebook.com\/OOSoftware\/\" \/>\n<meta property=\"article:modified_time\" content=\"2019-09-04T07:52:05+00:00\" \/>\n<meta property=\"og:image\" content=\"https:\/\/start.oo-software.com\/wp-content\/uploads\/ood22_analyse.png\" \/>\n<meta name=\"twitter:card\" content=\"summary_large_image\" \/>\n<meta name=\"twitter:site\" content=\"@oosoftware\" \/>\n<meta name=\"twitter:label1\" content=\"Gesch\u00e4tzte Lesezeit\" \/>\n\t<meta name=\"twitter:data1\" content=\"5\u00a0Minuten\" \/>\n<script type=\"application\/ld+json\" class=\"yoast-schema-graph\">{\"@context\":\"https:\/\/schema.org\",\"@graph\":[{\"@type\":\"WebPage\",\"@id\":\"https:\/\/start.oo-software.com\/de\/oodefrag22\/\",\"url\":\"https:\/\/start.oo-software.com\/de\/oodefrag22\/\",\"name\":\"Vielen Dank, dass Sie O&O Defrag 22 installiert haben! - O&amp;O Software\",\"isPartOf\":{\"@id\":\"https:\/\/start.oo-software.com\/de\/#website\"},\"datePublished\":\"2019-07-11T12:24:28+00:00\",\"dateModified\":\"2019-09-04T07:52:05+00:00\",\"breadcrumb\":{\"@id\":\"https:\/\/start.oo-software.com\/de\/oodefrag22\/#breadcrumb\"},\"inLanguage\":\"de\",\"potentialAction\":[{\"@type\":\"ReadAction\",\"target\":[\"https:\/\/start.oo-software.com\/de\/oodefrag22\/\"]}]},{\"@type\":\"BreadcrumbList\",\"@id\":\"https:\/\/start.oo-software.com\/de\/oodefrag22\/#breadcrumb\",\"itemListElement\":[{\"@type\":\"ListItem\",\"position\":1,\"name\":\"Startseite\",\"item\":\"https:\/\/start.oo-software.com\/de\/\"},{\"@type\":\"ListItem\",\"position\":2,\"name\":\"Vielen Dank, dass Sie O&#038;O Defrag 22 installiert haben!\"}]},{\"@type\":\"WebSite\",\"@id\":\"https:\/\/start.oo-software.com\/de\/#website\",\"url\":\"https:\/\/start.oo-software.com\/de\/\",\"name\":\"PC Migration\",\"description\":\"Onboarding\",\"publisher\":{\"@id\":\"https:\/\/start.oo-software.com\/de\/#organization\"},\"potentialAction\":[{\"@type\":\"SearchAction\",\"target\":{\"@type\":\"EntryPoint\",\"urlTemplate\":\"https:\/\/start.oo-software.com\/de\/?s={search_term_string}\"},\"query-input\":\"required name=search_term_string\"}],\"inLanguage\":\"de\"},{\"@type\":\"Organization\",\"@id\":\"https:\/\/start.oo-software.com\/de\/#organization\",\"name\":\"PC Migration - O&O Software GmbH\",\"url\":\"https:\/\/start.oo-software.com\/de\/\",\"logo\":{\"@type\":\"ImageObject\",\"inLanguage\":\"de\",\"@id\":\"https:\/\/start.oo-software.com\/de\/#\/schema\/logo\/image\/\",\"url\":\"https:\/\/start.oo-software.com\/wp-content\/uploads\/2019\/03\/logo_oosoftware-1.png\",\"contentUrl\":\"https:\/\/start.oo-software.com\/wp-content\/uploads\/2019\/03\/logo_oosoftware-1.png\",\"width\":263,\"height\":36,\"caption\":\"PC Migration - O&O Software GmbH\"},\"image\":{\"@id\":\"https:\/\/start.oo-software.com\/de\/#\/schema\/logo\/image\/\"},\"sameAs\":[\"https:\/\/de.linkedin.com\/company\/o&amp;amp;o-software-gmbh\",\"https:\/\/www.youtube.com\/user\/oosoftw\",\"https:\/\/www.facebook.com\/OOSoftware\/\",\"https:\/\/twitter.com\/oosoftware\"]}]}<\/script>\n<!-- \/ Yoast SEO plugin. -->","yoast_head_json":{"title":"Vielen Dank, dass Sie O&O Defrag 22 installiert haben! - O&amp;O Software","robots":{"index":"index","follow":"follow","max-snippet":"max-snippet:-1","max-image-preview":"max-image-preview:large","max-video-preview":"max-video-preview:-1"},"canonical":"https:\/\/start.oo-software.com\/de\/oodefrag22\/","og_locale":"de_DE","og_type":"article","og_title":"Vielen Dank, dass Sie O&O Defrag 22 installiert haben! - O&amp;O Software","og_description":"Vielen Dank, dass Sie O&amp;O Defrag 22 installiert haben! Wir m\u00f6chten Ihnen in ein paar kurzen Schritten zeigen, wie Sie schnell in die Benutzung von O&amp;O Defrag einsteigen k\u00f6nnen. &nbsp; Was ist O&amp;O Defrag? PCs werden im Laufe ihrer Nutzungszeit durch viele Faktoren langsamer. Der Hauptgrund ist die fragmentierte Speicherung von Dateien auf Festplatten und ... Weiterlesen","og_url":"https:\/\/start.oo-software.com\/de\/oodefrag22\/","og_site_name":"O&amp;O Software","article_publisher":"https:\/\/www.facebook.com\/OOSoftware\/","article_modified_time":"2019-09-04T07:52:05+00:00","og_image":[{"url":"https:\/\/start.oo-software.com\/wp-content\/uploads\/ood22_analyse.png"}],"twitter_card":"summary_large_image","twitter_site":"@oosoftware","twitter_misc":{"Gesch\u00e4tzte Lesezeit":"5\u00a0Minuten"},"schema":{"@context":"https:\/\/schema.org","@graph":[{"@type":"WebPage","@id":"https:\/\/start.oo-software.com\/de\/oodefrag22\/","url":"https:\/\/start.oo-software.com\/de\/oodefrag22\/","name":"Vielen Dank, dass Sie O&O Defrag 22 installiert haben! - O&amp;O Software","isPartOf":{"@id":"https:\/\/start.oo-software.com\/de\/#website"},"datePublished":"2019-07-11T12:24:28+00:00","dateModified":"2019-09-04T07:52:05+00:00","breadcrumb":{"@id":"https:\/\/start.oo-software.com\/de\/oodefrag22\/#breadcrumb"},"inLanguage":"de","potentialAction":[{"@type":"ReadAction","target":["https:\/\/start.oo-software.com\/de\/oodefrag22\/"]}]},{"@type":"BreadcrumbList","@id":"https:\/\/start.oo-software.com\/de\/oodefrag22\/#breadcrumb","itemListElement":[{"@type":"ListItem","position":1,"name":"Startseite","item":"https:\/\/start.oo-software.com\/de\/"},{"@type":"ListItem","position":2,"name":"Vielen Dank, dass Sie O&#038;O Defrag 22 installiert haben!"}]},{"@type":"WebSite","@id":"https:\/\/start.oo-software.com\/de\/#website","url":"https:\/\/start.oo-software.com\/de\/","name":"PC Migration","description":"Onboarding","publisher":{"@id":"https:\/\/start.oo-software.com\/de\/#organization"},"potentialAction":[{"@type":"SearchAction","target":{"@type":"EntryPoint","urlTemplate":"https:\/\/start.oo-software.com\/de\/?s={search_term_string}"},"query-input":"required name=search_term_string"}],"inLanguage":"de"},{"@type":"Organization","@id":"https:\/\/start.oo-software.com\/de\/#organization","name":"PC Migration - O&O Software GmbH","url":"https:\/\/start.oo-software.com\/de\/","logo":{"@type":"ImageObject","inLanguage":"de","@id":"https:\/\/start.oo-software.com\/de\/#\/schema\/logo\/image\/","url":"https:\/\/start.oo-software.com\/wp-content\/uploads\/2019\/03\/logo_oosoftware-1.png","contentUrl":"https:\/\/start.oo-software.com\/wp-content\/uploads\/2019\/03\/logo_oosoftware-1.png","width":263,"height":36,"caption":"PC Migration - O&O Software GmbH"},"image":{"@id":"https:\/\/start.oo-software.com\/de\/#\/schema\/logo\/image\/"},"sameAs":["https:\/\/de.linkedin.com\/company\/o&amp;amp;o-software-gmbh","https:\/\/www.youtube.com\/user\/oosoftw","https:\/\/www.facebook.com\/OOSoftware\/","https:\/\/twitter.com\/oosoftware"]}]}},"_links":{"self":[{"href":"https:\/\/start.oo-software.com\/de\/wp-json\/wp\/v2\/pages\/549"}],"collection":[{"href":"https:\/\/start.oo-software.com\/de\/wp-json\/wp\/v2\/pages"}],"about":[{"href":"https:\/\/start.oo-software.com\/de\/wp-json\/wp\/v2\/types\/page"}],"author":[{"embeddable":true,"href":"https:\/\/start.oo-software.com\/de\/wp-json\/wp\/v2\/users\/2"}],"replies":[{"embeddable":true,"href":"https:\/\/start.oo-software.com\/de\/wp-json\/wp\/v2\/comments?post=549"}],"version-history":[{"count":11,"href":"https:\/\/start.oo-software.com\/de\/wp-json\/wp\/v2\/pages\/549\/revisions"}],"predecessor-version":[{"id":626,"href":"https:\/\/start.oo-software.com\/de\/wp-json\/wp\/v2\/pages\/549\/revisions\/626"}],"wp:attachment":[{"href":"https:\/\/start.oo-software.com\/de\/wp-json\/wp\/v2\/media?parent=549"}],"curies":[{"name":"wp","href":"https:\/\/api.w.org\/{rel}","templated":true}]}}